{"id":85,"date":"2015-03-10T22:56:10","date_gmt":"2015-03-10T22:56:10","guid":{"rendered":"http:\/\/localhost\/wp\/4dive\/?page_id=5"},"modified":"2023-02-08T09:44:29","modified_gmt":"2023-02-08T08:44:29","slug":"o-mnie","status":"publish","type":"page","link":"https:\/\/scubatraining.com\/pl\/o-mnie\/","title":{"rendered":"Planuj nurkowanie i nurkuj zgodnie z planem"},"content":{"rendered":"<a href=\"http:\/\/scubatraining.com\/wp-content\/uploads\/2023\/02\/Piotr_Dybikowski.jpg\" data-rel=\"lightbox[gallery-1]-image-1\" data-rl_title=\"\" data-rl_caption=\"\" title=\"\"><img loading=\"lazy\" class=\"wp-image-1161 size-medium alignleft\" src=\"http:\/\/scubatraining.com\/wp-content\/uploads\/2023\/02\/Piotr_Dybikowski-296x296.jpg\" alt=\"\" width=\"296\" height=\"296\" srcset=\"https:\/\/scubatraining.com\/wp-content\/uploads\/2023\/02\/Piotr_Dybikowski-296x296.jpg 296w, https:\/\/scubatraining.com\/wp-content\/uploads\/2023\/02\/Piotr_Dybikowski-300x300.jpg 300w, https:\/\/scubatraining.com\/wp-content\/uploads\/2023\/02\/Piotr_Dybikowski-100x100.jpg 100w\" sizes=\"(max-width: 296px) 100vw, 296px\" \/><\/a> Jestem instruktorem nurkowania rekreacyjnego,\u00a0 technicznego i pierwszej pomocy w kilku r\u00f3znych\u00a0 federacjach (IANTD, TDI, ASTD , PADI, PSAI, CMAS, DAN). Z wykszta\u0142cenia jestem in\u017cynierem mechanikiem i nurkowanie nie jest moim jedynym \u017ar\u00f3d\u0142em utrzymania, ale zdecydowanie najwi\u0119ksz\u0105 pasj\u0105 w moim \u017cyciu. Obecnie <a title=\"Kursy rekreacyjne\" href=\"http:\/\/scubatraining.com\/polski-kursy-rekreacyjne\/\">szkolenia rekreacyjne<\/a> ze wzgl\u0119du na ograniczenia czasowe prowadz\u0119 rzadziej co nie oznacza, \u017ce wcale. Zajmuj\u0119 si\u0119 g\u0142\u00f3wnie\u00a0<a title=\"Nurkowanie techniczne\" href=\"http:\/\/scubatraining.com\/nurkowania-techniczne\/\">szkoleniami technicznymi<\/a>. Prowadz\u0119 kursy nurkowa\u0144 g\u0142\u0119bokich (dekompresyjnych), jaskiniowych i rebreatherowych, w\u0142\u0105cznie ze szkoleniem instruktor\u00f3w dla tych poziom\u00f3w. Szkolenia s\u0105 przeznaczone dla os\u00f3b kt\u00f3re chc\u0105 podwy\u017cszy\u0107 swoje umiej\u0119tno\u015bci i kwalifikacje nurkowe wykraczaj\u0105ce poza limity nurkowa\u0144 rekreacyjnych. Moim celem jest przekazanie umiej\u0119tno\u015bci teoretycznych i praktycznych pozwalaj\u0105cych <strong>z du\u017cym prawdopodobie\u0144stwem bezpiecznie<\/strong> planowa\u0107 i wykonywa\u0107 takie nurkowania. Na to k\u0142ad\u0119 g\u0142\u00f3wny nacisk podczas prowadzonych szkole\u0144. Jak powiedzia\u0142 Hal Watts: <em>\u201eplanuj swoje nurkowanie &#8211; nurkuj zgodnie z planem\u201d<\/em><\/p>\n<h2>Dlaczego \u00a0nurkowania techniczne?<\/h2>\n<p>Od kiedy zacz\u0105\u0142em przygod\u0119 z nurkowaniem, zawsze chcia\u0142em nurkowa\u0107 d\u0142u\u017cej i czasami troch\u0119 g\u0142\u0119biej. W Polsce gdzie zaczyna\u0142em nurkowa\u0107 nie by\u0142o o to \u0142atwo. W zasadzie nie by\u0142o jeszcze wykszta\u0142cone poj\u0119cie nurkowania technicznego a dost\u0119p do wiedzy i umiej\u0119tno\u015bci dla takich nurkowa\u0144 by\u0142 mocno ograniczony. Dzisiaj nurkowanie techniczne sta\u0142o si\u0119 znacznie bardziej popularne i powszechne, rozwin\u0119\u0142y si\u0119 \u00a0standardy pozwalaj\u0105ce na du\u017co bezpieczniejsze wykonywanie nurkowa\u0144 technicznych. Potrzebne jest do tego wiedza, sprz\u0119t, umiej\u0119tno\u015bci i do\u015bwiadczenie. W oparciu o te zasady staram si\u0119 prowadzi\u0107 swoje szkolenia. Chocia\u017c nie preferuj\u0119 \u017cadnej organizacji wi\u0119kszo\u015b\u0107 szkole\u0144 technicznych prowadz\u0119 w IANTD i PSAI ze wzgl\u0119du na wiele procedur i rozwi\u0105za\u0144 sprz\u0119towych z kt\u00f3rymi si\u0119 zgadzam i wg kt\u00f3rych sam nurkuj\u0119.<\/p>\n<div class=\"omsc-accordion\">\n<div class=\"omsc-toggle\"><div class=\"omsc-toggle-title\">Kim jestem?<\/div><div class=\"omsc-toggle-inner\"> Piotr Dybikowski, urodzony w Polsce obecnie mieszkam w Nenagh blisko Portroe w Irlandii i tutaj g\u0142\u00f3wnie nurkuj\u0119 \u00a0Wykszta\u0142cenie: In\u017c. Mech. Politechnika Gda\u0144ska Zaw\u00f3d: r\u00f3\u017cnie &#8211; od mechanika do prezesa Drugi zaw\u00f3d: instruktor nurkowania <\/div><\/div>\n<div class=\"omsc-toggle\"><div class=\"omsc-toggle-title\">Ksywka<\/div><div class=\"omsc-toggle-inner\"> Dybik, Peter <\/div><\/div>\n<div class=\"omsc-toggle\"><div class=\"omsc-toggle-title\">Inne parametry<\/div><div class=\"omsc-toggle-inner\"> 171cm, 73 kg <\/div><\/div>\n<div class=\"omsc-toggle\"><div class=\"omsc-toggle-title\">Stopnie nurkowe:<\/div><div class=\"omsc-toggle-inner\"> IANTD: IANTD Rebreather Cave Instructor Trainer, IANTD Cave Instructor Trainer, IANTD Sidemount Cave Instructor Trainer, IANTD Open Circuit Technical Cave Instructor, Trainer, IANTD XCCR Instructor, IANTD Triton Instructor, IANTD Buddy Ispiration instructor No:841<br \/>\nASTD: No. CZ16043<br \/>\nPSAI: No.908<br \/>\nPADI: No.250238<br \/>\nCMAS: No. POL F02 M1 10 000002<br \/>\nDAN:\u00a0642893 <\/div><\/div>\n<div class=\"omsc-toggle\"><div class=\"omsc-toggle-title\">Ulubiony sprz\u0119t:<\/div><div class=\"omsc-toggle-inner\">\n<div>Skrzyd\u0142a: Dive Rite,\u00a0\u00a0Tec Line, Halcyon, Xdeep,<br \/>\nSkafandry: Bare, NO Gravity.\u00a0 Santi<br \/>\nOcieplacze: Kwark, No Gravity, Santi, Bare<br \/>\nLatarki: Halcyon, Yellow Diving, Gral Marine<br \/>\nAutomaty:\u00a0\u00a0Diverite, Apeks, Tecline, Scubapro, Posejdon<br \/>\nKomputery: TDC, Sherwater, Freedom<br \/>\nRebreathery: XCCR, Triton, Kiss Sidewinder, Revo, Pelagian,\u00a0\u00a0Buddy Inspiration,\u00a0(jeszcze kilka innych)<\/div>\n<div>Skutery podwodne: DiveXtras, Seacraft\u00a0<\/div><\/div><\/div>\n<div class=\"omsc-toggle\"><div class=\"omsc-toggle-title\">Ulubione miejsca:<\/div><div class=\"omsc-toggle-inner\"> W zasadzie nie mam\u2026 Lubi\u0119 wszystkie nurkowania: od szuwarowych po jaskiniowe i bardzo g\u0142\u0119bokie. Lubi\u0119 jeziora, wraki Ba\u0142tyku, Egipt, Chorwacj\u0119, Norwegi\u0119, jaskinie Francji, Florydy, no i wszystkie te miejsca, w kt\u00f3rych jeszcze nie by\u0142em\u2026<\/p>\n<p>Lubi\u0119 po prostu nurkowa\u0107. <\/div><\/div>\n<div class=\"omsc-toggle\"><div class=\"omsc-toggle-title\">Liczba nurkowa\u0144:<\/div><div class=\"omsc-toggle-inner\"> 2000+ <\/div><\/div>\n<div class=\"omsc-toggle\"><div class=\"omsc-toggle-title\">Inne zainteresowania:<\/div><div class=\"omsc-toggle-inner\"> troch\u0119 fotografia, dobra muzyka, sport <\/div><\/div> <\/div>","protected":false},"excerpt":{"rendered":"<p>Jestem instruktorem nurkowania rekreacyjnego,\u00a0 technicznego i pierwszej pomocy w kilku r\u00f3znych\u00a0 federacjach (IANTD, TDI, ASTD , PADI, PSAI, CMAS, DAN). Z wykszta\u0142cenia jestem in\u017cynierem mechanikiem i nurkowanie nie jest moim jedynym \u017ar\u00f3d\u0142em utrzymania, ale zdecydowanie najwi\u0119ksz\u0105 pasj\u0105 w moim \u017cyciu. Obecnie szkolenia rekreacyjne ze wzgl\u0119du na ograniczenia czasowe prowadz\u0119 rzadziej co nie oznacza, \u017ce wcale.&nbsp;<\/p>\n<p><a class=\"btn btn-success btn-lg\" href=\"https:\/\/scubatraining.com\/pl\/o-mnie\/\">Continue Reading &rarr;<\/a><\/p>\n","protected":false},"author":1,"featured_media":0,"parent":0,"menu_order":34,"comment_status":"open","ping_status":"open","template":"","meta":{"_monsterinsights_skip_tracking":false,"_monsterinsights_sitenote_active":false,"_monsterinsights_sitenote_note":"","_monsterinsights_sitenote_category":0},"_links":{"self":[{"href":"https:\/\/scubatraining.com\/pl\/wp-json\/wp\/v2\/pages\/85"}],"collection":[{"href":"https:\/\/scubatraining.com\/pl\/wp-json\/wp\/v2\/pages"}],"about":[{"href":"https:\/\/scubatraining.com\/pl\/wp-json\/wp\/v2\/types\/page"}],"author":[{"embeddable":true,"href":"https:\/\/scubatraining.com\/pl\/wp-json\/wp\/v2\/users\/1"}],"replies":[{"embeddable":true,"href":"https:\/\/scubatraining.com\/pl\/wp-json\/wp\/v2\/comments?post=85"}],"version-history":[{"count":40,"href":"https:\/\/scubatraining.com\/pl\/wp-json\/wp\/v2\/pages\/85\/revisions"}],"predecessor-version":[{"id":1182,"href":"https:\/\/scubatraining.com\/pl\/wp-json\/wp\/v2\/pages\/85\/revisions\/1182"}],"wp:attachment":[{"href":"https:\/\/scubatraining.com\/pl\/wp-json\/wp\/v2\/media?parent=85"}],"curies":[{"name":"wp","href":"https:\/\/api.w.org\/{rel}","templated":true}]}}