{"id":676,"date":"2015-11-06T12:47:56","date_gmt":"2015-11-06T11:47:56","guid":{"rendered":"http:\/\/4dive.eu\/?page_id=676"},"modified":"2015-11-06T14:13:03","modified_gmt":"2015-11-06T13:13:03","slug":"serwis-butli-nurkowych","status":"publish","type":"page","link":"https:\/\/scubatraining.com\/pl\/serwis\/serwis-butli-nurkowych\/","title":{"rendered":"Serwis butli nurkowych"},"content":{"rendered":"Przyjmujemy butle do test\u00f3w wizualnych i hydrotest\u00f3w.<\/p>\n<p>Je\u015bli w butli pojawi si\u0119 woda w wi\u0119kszej ilo\u015bci, to po nied\u0142ugim czasie wywo\u0142uje korozj\u0119. Pocz\u0105tkowo jest to korozja powierzchniowa, lecz po pewnym czasie w\u017cery staj\u0105 si\u0119 g\u0142\u0119bokie i mog\u0105 doprowadzi\u0107 do os\u0142abienia p\u0142aszcza butli. Fotografie poni\u017cej przedstawiaj\u0105 wn\u0119trze silnie zawilgoconej butli z du\u017cymi obszarami rdzy. Na dnie butli wida\u0107 lu\u017an\u0105 rdz\u0119 i wod\u0119. Bez wzgl\u0119du na termin wa\u017cno\u015bci badania, butl\u0119 w tym stanie nale\u017cy podda\u0107 badaniu przez inspektora UDT. B\u0119dzie on mia\u0142 mo\u017cliwo\u015b\u0107 oceny czy butla nadaje si\u0119 do dalszej eksploatacji. Przy uszkodzonej pow\u0142oce lakierniczej butli powstaj\u0105 bardzo korzystne warunki do rozwoju procesu utleniania stali, a wi\u0119c rdzewienia.<\/p>\n\n\t\t<style type=\"text\/css\">\n\t\t\t#gallery-1 {\n\t\t\t\tmargin: auto;\n\t\t\t}\n\t\t\t#gallery-1 .gallery-item {\n\t\t\t\tfloat: left;\n\t\t\t\tmargin-top: 10px;\n\t\t\t\ttext-align: center;\n\t\t\t\twidth: 33%;\n\t\t\t}\n\t\t\t#gallery-1 img {\n\t\t\t\tborder: 2px solid #cfcfcf;\n\t\t\t}\n\t\t\t#gallery-1 .gallery-caption {\n\t\t\t\tmargin-left: 0;\n\t\t\t}\n\t\t\t\/* see gallery_shortcode() in wp-includes\/media.php *\/\n\t\t<\/style>\n\t\t<div id='gallery-1' class='gallery galleryid-676 gallery-columns-3 gallery-size-thumbnail'><dl class='gallery-item'>\n\t\t\t<dt class='gallery-icon landscape'>\n\t\t\t\t<a href='https:\/\/scubatraining.com\/wp-content\/uploads\/2015\/11\/serwis-butli1.jpg' title=\"\" data-rl_title=\"\" class=\"rl-gallery-link\" data-rl_caption=\"\" data-rel=\"lightbox[gallery-1]-gallery-1\"><img width=\"220\" height=\"146\" src=\"https:\/\/scubatraining.com\/wp-content\/uploads\/2015\/11\/serwis-butli1-220x146.jpg\" class=\"attachment-thumbnail size-thumbnail\" alt=\"\" loading=\"lazy\" srcset=\"https:\/\/scubatraining.com\/wp-content\/uploads\/2015\/11\/serwis-butli1-220x146.jpg 220w, https:\/\/scubatraining.com\/wp-content\/uploads\/2015\/11\/serwis-butli1-480x320.jpg 480w\" sizes=\"(max-width: 220px) 100vw, 220px\" \/><\/a>\n\t\t\t<\/dt><\/dl><dl class='gallery-item'>\n\t\t\t<dt class='gallery-icon landscape'>\n\t\t\t\t<a href='https:\/\/scubatraining.com\/wp-content\/uploads\/2015\/11\/serwis-butli2.jpg' title=\"\" data-rl_title=\"\" class=\"rl-gallery-link\" data-rl_caption=\"\" data-rel=\"lightbox[gallery-1]-gallery-1\"><img width=\"220\" height=\"146\" src=\"https:\/\/scubatraining.com\/wp-content\/uploads\/2015\/11\/serwis-butli2-220x146.jpg\" class=\"attachment-thumbnail size-thumbnail\" alt=\"\" loading=\"lazy\" srcset=\"https:\/\/scubatraining.com\/wp-content\/uploads\/2015\/11\/serwis-butli2-220x146.jpg 220w, https:\/\/scubatraining.com\/wp-content\/uploads\/2015\/11\/serwis-butli2-480x320.jpg 480w\" sizes=\"(max-width: 220px) 100vw, 220px\" \/><\/a>\n\t\t\t<\/dt><\/dl><dl class='gallery-item'>\n\t\t\t<dt class='gallery-icon landscape'>\n\t\t\t\t<a href='https:\/\/scubatraining.com\/wp-content\/uploads\/2015\/11\/serwis-butli3.jpg' title=\"\" data-rl_title=\"\" class=\"rl-gallery-link\" data-rl_caption=\"\" data-rel=\"lightbox[gallery-1]-gallery-1\"><img width=\"220\" height=\"146\" src=\"https:\/\/scubatraining.com\/wp-content\/uploads\/2015\/11\/serwis-butli3-220x146.jpg\" class=\"attachment-thumbnail size-thumbnail\" alt=\"\" loading=\"lazy\" srcset=\"https:\/\/scubatraining.com\/wp-content\/uploads\/2015\/11\/serwis-butli3-220x146.jpg 220w, https:\/\/scubatraining.com\/wp-content\/uploads\/2015\/11\/serwis-butli3-480x320.jpg 480w\" sizes=\"(max-width: 220px) 100vw, 220px\" \/><\/a>\n\t\t\t<\/dt><\/dl><br style=\"clear: both\" \/>\n\t\t<\/div>\n\n<p>Z tego w\u0142a\u015bnie wzgl\u0119du butle nurkowe s\u0105 poddawane okresowej kontroli, podczas kt\u00f3rej poprzez odpowiedni proces kontrolny ocenia si\u0119 czy butla mo\u017ce by\u0107 bezpiecznie u\u017cytkowana.Nowe butle nie posiadaj\u0105 okre\u015blenia daty wa\u017cno\u015bci badania. Butle stosowane do cel\u00f3w nurkowych musz\u0105 by\u0107, zgodnie z przepisami, po 2,5 rocznym okresie u\u017cytkowania poddane badaniu wizualnemu oraz po 5 latach badaniu ci\u015bnieniowemu.<\/p>\n<p><span style=\"text-decoration: underline;\">Nie wolno nape\u0142nia\u0107 butli, dla kt\u00f3rych termin wa\u017cno\u015bci badania up\u0142yn\u0105\u0142.<\/span><\/p>\n<p>Aby nasze butle nurkowe nie ulega\u0142y korozji i utlenianiu nale\u017cy wyeliminowa\u0107 przede wszystkim takie czynniki, jak:<\/p>\n<ul>\n<li>nape\u0142nianie butli niewystarczaj\u0105co osuszonymi gazami,<\/li>\n<li>nape\u0142nianie poprzez wilgotne gniazdo zaworu,<\/li>\n<li>dopuszczenie do wnikni\u0119cia wilgoci w g\u0142\u0105b zaworu, np. poprzez pozostawienie butli z odkr\u0119conym zaworem do opr\u00f3\u017cnienia.<\/li>\n<\/ul>","protected":false},"excerpt":{"rendered":"<p>Przyjmujemy butle do test\u00f3w wizualnych i hydrotest\u00f3w. Je\u015bli w butli pojawi si\u0119 woda w wi\u0119kszej ilo\u015bci, to po nied\u0142ugim czasie wywo\u0142uje korozj\u0119. Pocz\u0105tkowo jest to korozja powierzchniowa, lecz po pewnym czasie w\u017cery staj\u0105 si\u0119 g\u0142\u0119bokie i mog\u0105 doprowadzi\u0107 do os\u0142abienia p\u0142aszcza butli. Fotografie poni\u017cej przedstawiaj\u0105 wn\u0119trze silnie zawilgoconej butli z du\u017cymi obszarami rdzy. Na dnie&nbsp;<\/p>\n<p><a class=\"btn btn-success btn-lg\" href=\"https:\/\/scubatraining.com\/pl\/serwis\/serwis-butli-nurkowych\/\">Continue Reading &rarr;<\/a><\/p>\n","protected":false},"author":1,"featured_media":0,"parent":234,"menu_order":3,"comment_status":"open","ping_status":"open","template":"","meta":{"_monsterinsights_skip_tracking":false,"_monsterinsights_sitenote_active":false,"_monsterinsights_sitenote_note":"","_monsterinsights_sitenote_category":0},"_links":{"self":[{"href":"https:\/\/scubatraining.com\/pl\/wp-json\/wp\/v2\/pages\/676"}],"collection":[{"href":"https:\/\/scubatraining.com\/pl\/wp-json\/wp\/v2\/pages"}],"about":[{"href":"https:\/\/scubatraining.com\/pl\/wp-json\/wp\/v2\/types\/page"}],"author":[{"embeddable":true,"href":"https:\/\/scubatraining.com\/pl\/wp-json\/wp\/v2\/users\/1"}],"replies":[{"embeddable":true,"href":"https:\/\/scubatraining.com\/pl\/wp-json\/wp\/v2\/comments?post=676"}],"version-history":[{"count":3,"href":"https:\/\/scubatraining.com\/pl\/wp-json\/wp\/v2\/pages\/676\/revisions"}],"predecessor-version":[{"id":716,"href":"https:\/\/scubatraining.com\/pl\/wp-json\/wp\/v2\/pages\/676\/revisions\/716"}],"up":[{"embeddable":true,"href":"https:\/\/scubatraining.com\/pl\/wp-json\/wp\/v2\/pages\/234"}],"wp:attachment":[{"href":"https:\/\/scubatraining.com\/pl\/wp-json\/wp\/v2\/media?parent=676"}],"curies":[{"name":"wp","href":"https:\/\/api.w.org\/{rel}","templated":true}]}}