{"id":674,"date":"2015-11-06T11:48:27","date_gmt":"2015-11-06T10:48:27","guid":{"rendered":"http:\/\/4dive.eu\/?page_id=674"},"modified":"2015-11-09T13:52:12","modified_gmt":"2015-11-09T12:52:12","slug":"serwis-kamizelek-ratunkowo-wypornosciowych","status":"publish","type":"page","link":"https:\/\/scubatraining.com\/pl\/serwis\/serwis-kamizelek-ratunkowo-wypornosciowych\/","title":{"rendered":"Serwis kamizelek ratunkowo-wyporno\u015bciowych"},"content":{"rendered":"Kamizelka ratowniczo &#8211; wyporno\u015bciowa inaczej jacket raz do roku po intensywnym u\u017cytkowaniu i powiina by\u0107 poddana okresowemu przegl\u0105dowi.<\/p>\n\n\t\t<style type=\"text\/css\">\n\t\t\t#gallery-1 {\n\t\t\t\tmargin: auto;\n\t\t\t}\n\t\t\t#gallery-1 .gallery-item {\n\t\t\t\tfloat: left;\n\t\t\t\tmargin-top: 10px;\n\t\t\t\ttext-align: center;\n\t\t\t\twidth: 33%;\n\t\t\t}\n\t\t\t#gallery-1 img {\n\t\t\t\tborder: 2px solid #cfcfcf;\n\t\t\t}\n\t\t\t#gallery-1 .gallery-caption {\n\t\t\t\tmargin-left: 0;\n\t\t\t}\n\t\t\t\/* see gallery_shortcode() in wp-includes\/media.php *\/\n\t\t<\/style>\n\t\t<div id='gallery-1' class='gallery galleryid-674 gallery-columns-3 gallery-size-thumbnail'><dl class='gallery-item'>\n\t\t\t<dt class='gallery-icon landscape'>\n\t\t\t\t<a href='https:\/\/scubatraining.com\/wp-content\/uploads\/2015\/11\/serwis-kamizelki1.jpg' title=\"\" data-rl_title=\"\" class=\"rl-gallery-link\" data-rl_caption=\"\" data-rel=\"lightbox[gallery-1]-gallery-1\"><img width=\"220\" height=\"146\" src=\"https:\/\/scubatraining.com\/wp-content\/uploads\/2015\/11\/serwis-kamizelki1-220x146.jpg\" class=\"attachment-thumbnail size-thumbnail\" alt=\"\" loading=\"lazy\" srcset=\"https:\/\/scubatraining.com\/wp-content\/uploads\/2015\/11\/serwis-kamizelki1-220x146.jpg 220w, https:\/\/scubatraining.com\/wp-content\/uploads\/2015\/11\/serwis-kamizelki1-480x320.jpg 480w\" sizes=\"(max-width: 220px) 100vw, 220px\" \/><\/a>\n\t\t\t<\/dt><\/dl><dl class='gallery-item'>\n\t\t\t<dt class='gallery-icon landscape'>\n\t\t\t\t<a href='https:\/\/scubatraining.com\/wp-content\/uploads\/2015\/11\/serwis-kamizelki2.jpg' title=\"\" data-rl_title=\"\" class=\"rl-gallery-link\" data-rl_caption=\"\" data-rel=\"lightbox[gallery-1]-gallery-1\"><img width=\"220\" height=\"146\" src=\"https:\/\/scubatraining.com\/wp-content\/uploads\/2015\/11\/serwis-kamizelki2-220x146.jpg\" class=\"attachment-thumbnail size-thumbnail\" alt=\"\" loading=\"lazy\" srcset=\"https:\/\/scubatraining.com\/wp-content\/uploads\/2015\/11\/serwis-kamizelki2-220x146.jpg 220w, https:\/\/scubatraining.com\/wp-content\/uploads\/2015\/11\/serwis-kamizelki2-480x320.jpg 480w\" sizes=\"(max-width: 220px) 100vw, 220px\" \/><\/a>\n\t\t\t<\/dt><\/dl><dl class='gallery-item'>\n\t\t\t<dt class='gallery-icon landscape'>\n\t\t\t\t<a href='https:\/\/scubatraining.com\/wp-content\/uploads\/2015\/11\/serwis-kamizelki3.jpg' title=\"\" data-rl_title=\"\" class=\"rl-gallery-link\" data-rl_caption=\"\" data-rel=\"lightbox[gallery-1]-gallery-1\"><img width=\"220\" height=\"146\" src=\"https:\/\/scubatraining.com\/wp-content\/uploads\/2015\/11\/serwis-kamizelki3-220x146.jpg\" class=\"attachment-thumbnail size-thumbnail\" alt=\"\" loading=\"lazy\" srcset=\"https:\/\/scubatraining.com\/wp-content\/uploads\/2015\/11\/serwis-kamizelki3-220x146.jpg 220w, https:\/\/scubatraining.com\/wp-content\/uploads\/2015\/11\/serwis-kamizelki3-480x320.jpg 480w\" sizes=\"(max-width: 220px) 100vw, 220px\" \/><\/a>\n\t\t\t<\/dt><\/dl><br style=\"clear: both\" \/>\n\t\t<\/div>\n\n<p>Zazwyczaj bywa tak, \u017ce do przegl\u0105du tego elementu naszego wyposa\u017cenia przywi\u0105zujemy najmniejsz\u0105 uwag\u0119. Cz\u0119sto nasz\u0105 kamizelk\u0119 traktujemy troch\u0119 po macoszemu, po sko\u0144czonym nurkowaniu odk\u0142adamy j\u0105 w k\u0105t i czekamy na kolejny wyjazd. Wydaje si\u0119 nam bowiem, \u017ce tutaj nie ma si\u0119 co popsu\u0107 i nie musimy zaprz\u0105ta\u0107 sobie g\u0142owy robieniem przegl\u0105du kamizelki. To podej\u015bcie jest bardzo b\u0142\u0119dne, nasza kamizelka wymaga od nas cho\u0107by odrobiny zainteresowania przed sezonem i je\u015bli jej tego nie damy mo\u017ce nas zawie\u015b\u0107 w najmniej oczekiwanym momencie.<\/p>\n\n\t\t<style type=\"text\/css\">\n\t\t\t#gallery-2 {\n\t\t\t\tmargin: auto;\n\t\t\t}\n\t\t\t#gallery-2 .gallery-item {\n\t\t\t\tfloat: left;\n\t\t\t\tmargin-top: 10px;\n\t\t\t\ttext-align: center;\n\t\t\t\twidth: 33%;\n\t\t\t}\n\t\t\t#gallery-2 img {\n\t\t\t\tborder: 2px solid #cfcfcf;\n\t\t\t}\n\t\t\t#gallery-2 .gallery-caption {\n\t\t\t\tmargin-left: 0;\n\t\t\t}\n\t\t\t\/* see gallery_shortcode() in wp-includes\/media.php *\/\n\t\t<\/style>\n\t\t<div id='gallery-2' class='gallery galleryid-674 gallery-columns-3 gallery-size-thumbnail'><dl class='gallery-item'>\n\t\t\t<dt class='gallery-icon portrait'>\n\t\t\t\t<a href='https:\/\/scubatraining.com\/wp-content\/uploads\/2015\/11\/serwis-kamizelki4.jpg' title=\"\" data-rl_title=\"\" class=\"rl-gallery-link\" data-rl_caption=\"\" data-rel=\"lightbox[gallery-1]-gallery-2\"><img width=\"220\" height=\"146\" src=\"https:\/\/scubatraining.com\/wp-content\/uploads\/2015\/11\/serwis-kamizelki4-220x146.jpg\" class=\"attachment-thumbnail size-thumbnail\" alt=\"\" loading=\"lazy\" srcset=\"https:\/\/scubatraining.com\/wp-content\/uploads\/2015\/11\/serwis-kamizelki4-220x146.jpg 220w, https:\/\/scubatraining.com\/wp-content\/uploads\/2015\/11\/serwis-kamizelki4-480x320.jpg 480w\" sizes=\"(max-width: 220px) 100vw, 220px\" \/><\/a>\n\t\t\t<\/dt><\/dl><dl class='gallery-item'>\n\t\t\t<dt class='gallery-icon landscape'>\n\t\t\t\t<a href='https:\/\/scubatraining.com\/wp-content\/uploads\/2015\/11\/serwis-kamizelki5.jpg' title=\"\" data-rl_title=\"\" class=\"rl-gallery-link\" data-rl_caption=\"\" data-rel=\"lightbox[gallery-1]-gallery-2\"><img width=\"220\" height=\"146\" src=\"https:\/\/scubatraining.com\/wp-content\/uploads\/2015\/11\/serwis-kamizelki5-220x146.jpg\" class=\"attachment-thumbnail size-thumbnail\" alt=\"\" loading=\"lazy\" srcset=\"https:\/\/scubatraining.com\/wp-content\/uploads\/2015\/11\/serwis-kamizelki5-220x146.jpg 220w, https:\/\/scubatraining.com\/wp-content\/uploads\/2015\/11\/serwis-kamizelki5-600x400.jpg 600w, https:\/\/scubatraining.com\/wp-content\/uploads\/2015\/11\/serwis-kamizelki5-480x320.jpg 480w, https:\/\/scubatraining.com\/wp-content\/uploads\/2015\/11\/serwis-kamizelki5.jpg 640w\" sizes=\"(max-width: 220px) 100vw, 220px\" \/><\/a>\n\t\t\t<\/dt><\/dl>\n\t\t\t<br style='clear: both' \/>\n\t\t<\/div>\n\n<p>W trakcie corocznego przegl\u0105du sprawdzamy:<\/p>\n<ul>\n<li>stan zewnetrzny i wewnetrzny KRW (czy nigdzie nie ma mechanicznych uszkodze\u0144, rozdar\u0107 w szczeg\u00f3lno\u015bci wewnetrznego p\u0119cherza.<\/li>\n<li>sprawdzenie zapi\u0119\u0107, zamk\u00f3w<\/li>\n<li>szczelno\u015b\u0107 p\u0119cherza w kamizelce<\/li>\n<li>stan zawor\u00f3w dodawczych i spustowych<\/li>\n<li>szczelno\u015b\u0107 po\u0142acze\u0144 kr\u00f3\u0107c\u00f3w inflatorowych i zawor\u00f3w<\/li>\n<li>demonta\u017c i konserwcja inflatora.<\/li>\n<li>p\u0142ukanie i odgrzybianie p\u0119cherza<\/li>\n<\/ul>\n\n\t\t<style type=\"text\/css\">\n\t\t\t#gallery-3 {\n\t\t\t\tmargin: auto;\n\t\t\t}\n\t\t\t#gallery-3 .gallery-item {\n\t\t\t\tfloat: left;\n\t\t\t\tmargin-top: 10px;\n\t\t\t\ttext-align: center;\n\t\t\t\twidth: 33%;\n\t\t\t}\n\t\t\t#gallery-3 img {\n\t\t\t\tborder: 2px solid #cfcfcf;\n\t\t\t}\n\t\t\t#gallery-3 .gallery-caption {\n\t\t\t\tmargin-left: 0;\n\t\t\t}\n\t\t\t\/* see gallery_shortcode() in wp-includes\/media.php *\/\n\t\t<\/style>\n\t\t<div id='gallery-3' class='gallery galleryid-674 gallery-columns-3 gallery-size-thumbnail'><dl class='gallery-item'>\n\t\t\t<dt class='gallery-icon landscape'>\n\t\t\t\t<a href='https:\/\/scubatraining.com\/wp-content\/uploads\/2015\/11\/serwis-kamizelki6.jpg' title=\"\" data-rl_title=\"\" class=\"rl-gallery-link\" data-rl_caption=\"\" data-rel=\"lightbox[gallery-1]-gallery-3\"><img width=\"220\" height=\"146\" src=\"https:\/\/scubatraining.com\/wp-content\/uploads\/2015\/11\/serwis-kamizelki6-220x146.jpg\" class=\"attachment-thumbnail size-thumbnail\" alt=\"\" loading=\"lazy\" srcset=\"https:\/\/scubatraining.com\/wp-content\/uploads\/2015\/11\/serwis-kamizelki6-220x146.jpg 220w, https:\/\/scubatraining.com\/wp-content\/uploads\/2015\/11\/serwis-kamizelki6-480x320.jpg 480w\" sizes=\"(max-width: 220px) 100vw, 220px\" \/><\/a>\n\t\t\t<\/dt><\/dl><dl class='gallery-item'>\n\t\t\t<dt class='gallery-icon landscape'>\n\t\t\t\t<a href='https:\/\/scubatraining.com\/wp-content\/uploads\/2015\/11\/serwis-kamizelki7.jpg' title=\"\" data-rl_title=\"\" class=\"rl-gallery-link\" data-rl_caption=\"\" data-rel=\"lightbox[gallery-1]-gallery-3\"><img width=\"220\" height=\"146\" src=\"https:\/\/scubatraining.com\/wp-content\/uploads\/2015\/11\/serwis-kamizelki7-220x146.jpg\" class=\"attachment-thumbnail size-thumbnail\" alt=\"\" loading=\"lazy\" srcset=\"https:\/\/scubatraining.com\/wp-content\/uploads\/2015\/11\/serwis-kamizelki7-220x146.jpg 220w, https:\/\/scubatraining.com\/wp-content\/uploads\/2015\/11\/serwis-kamizelki7-480x320.jpg 480w\" sizes=\"(max-width: 220px) 100vw, 220px\" \/><\/a>\n\t\t\t<\/dt><\/dl>\n\t\t\t<br style='clear: both' \/>\n\t\t<\/div>","protected":false},"excerpt":{"rendered":"<p>Kamizelka ratowniczo &#8211; wyporno\u015bciowa inaczej jacket raz do roku po intensywnym u\u017cytkowaniu i powiina by\u0107 poddana okresowemu przegl\u0105dowi. Zazwyczaj bywa tak, \u017ce do przegl\u0105du tego elementu naszego wyposa\u017cenia przywi\u0105zujemy najmniejsz\u0105 uwag\u0119. Cz\u0119sto nasz\u0105 kamizelk\u0119 traktujemy troch\u0119 po macoszemu, po sko\u0144czonym nurkowaniu odk\u0142adamy j\u0105 w k\u0105t i czekamy na kolejny wyjazd. Wydaje si\u0119 nam bowiem, \u017ce&nbsp;<\/p>\n<p><a class=\"btn btn-success btn-lg\" href=\"https:\/\/scubatraining.com\/pl\/serwis\/serwis-kamizelek-ratunkowo-wypornosciowych\/\">Continue Reading &rarr;<\/a><\/p>\n","protected":false},"author":1,"featured_media":0,"parent":234,"menu_order":4,"comment_status":"open","ping_status":"open","template":"","meta":{"_monsterinsights_skip_tracking":false,"_monsterinsights_sitenote_active":false,"_monsterinsights_sitenote_note":"","_monsterinsights_sitenote_category":0},"_links":{"self":[{"href":"https:\/\/scubatraining.com\/pl\/wp-json\/wp\/v2\/pages\/674"}],"collection":[{"href":"https:\/\/scubatraining.com\/pl\/wp-json\/wp\/v2\/pages"}],"about":[{"href":"https:\/\/scubatraining.com\/pl\/wp-json\/wp\/v2\/types\/page"}],"author":[{"embeddable":true,"href":"https:\/\/scubatraining.com\/pl\/wp-json\/wp\/v2\/users\/1"}],"replies":[{"embeddable":true,"href":"https:\/\/scubatraining.com\/pl\/wp-json\/wp\/v2\/comments?post=674"}],"version-history":[{"count":6,"href":"https:\/\/scubatraining.com\/pl\/wp-json\/wp\/v2\/pages\/674\/revisions"}],"predecessor-version":[{"id":733,"href":"https:\/\/scubatraining.com\/pl\/wp-json\/wp\/v2\/pages\/674\/revisions\/733"}],"up":[{"embeddable":true,"href":"https:\/\/scubatraining.com\/pl\/wp-json\/wp\/v2\/pages\/234"}],"wp:attachment":[{"href":"https:\/\/scubatraining.com\/pl\/wp-json\/wp\/v2\/media?parent=674"}],"curies":[{"name":"wp","href":"https:\/\/api.w.org\/{rel}","templated":true}]}}