{"id":672,"date":"2015-11-06T11:47:35","date_gmt":"2015-11-06T10:47:35","guid":{"rendered":"http:\/\/4dive.eu\/?page_id=672"},"modified":"2015-11-06T14:04:17","modified_gmt":"2015-11-06T13:04:17","slug":"serwis-automatow-oddechowych","status":"publish","type":"page","link":"https:\/\/scubatraining.com\/pl\/serwis\/serwis-automatow-oddechowych\/","title":{"rendered":"Serwis automat\u00f3w oddechowych"},"content":{"rendered":"<img loading=\"lazy\" class=\"alignright thumbnail size-full wp-image-687\" src=\"https:\/\/scubatraining.com\/wp-content\/uploads\/2015\/11\/pg_messung.gif\" alt=\"pg_messung\" width=\"200\" height=\"167\" \/>Prowadzimy naprawy i serwis regulator\u00f3w oddechowych: Apeks, Aqualung, Sherwood, Posejdon, Scubatech (ta sama fabryka co Diverite) ale podejmujemy si\u0119 przegl\u0105d\u00f3w i napraw sprz\u0119tu innych firm korzystaj\u0105c wy\u0142\u0105cznie z oryginalnych zestaw\u00f3w cz\u0119\u015bci zamiennych. Serwisujemy tak\u017ce starsze, nieprodukowane ju\u017c modele.<\/p>\n<p>Aby regulacja automatu oddechowego po wykonanym serwisie by\u0142a przeprowadzona naprawd\u0119 dobrze, nale\u017cy jego parametry pracy sprawdzi\u0107 na specjalnym do tego stworzonym stanowisku symuluj\u0105cym prac\u0119 automatu w rzeczywistych warunkach. Posiadamy jako jedni z nielicznych w Polsce sztuczne p\u0142uco TS-250 niemieckiej firmy <strong>Presure-Guard<\/strong> do takich bada\u0144. <img loading=\"lazy\" class=\"alignleft thumbnail size-full wp-image-691\" src=\"https:\/\/scubatraining.com\/wp-content\/uploads\/2015\/11\/ts250_geraet.gif\" alt=\"ts250_geraet\" width=\"238\" height=\"179\" \/> Pozwala ono zmierzy\u0107 parametry pracy (wydajno\u015b\u0107, wydatek, opory oddechowe) serwisowanego automatu i zweryfikowa\u0107, czy s\u0105 one zgodne z wymaganiami producenta. Tylko wtedy mo\u017cemy by\u0107 tak naprawd\u0119 pewni \u017ce nasz <img loading=\"lazy\" class=\"thumbnail alignright wp-image-689\" src=\"https:\/\/scubatraining.com\/wp-content\/uploads\/2015\/11\/ts250_geraet_links.gif\" alt=\"ts250_geraet_links\" width=\"200\" height=\"219\" \/>automat jest w pe\u0142ni sprawny i nas nie zawiedzie pod wod\u0105 w trakcie nurkowania. Ka\u017cdy klient otrzymuje na \u017cyczeniie certyfikat takiego badania kt\u00f3ry jednocze\u015bnie jest gwarancj\u0105 prawid\u0142owo wykonanego serwisu. Urz\u0105dzenie oczywi\u015bcie posiada certyfikat CE.<\/p>\n<p>Z pe\u0142n\u0105 kontrol\u0105 ci\u015bnienia system badania automat\u00f3w oddechowych Pressure-Guard po kilku latach prac rozwojowych jest profesjonalnym i sprawdzonym narz\u0119dziem kt\u00f3re umo\u017cliwia bardzo dok\u0142adne sprawdzenie funkcjonalno\u015bci regulator\u00f3w oddechowych dla p\u0142etwonurk\u00f3w.<\/p>\n<p><a href=\"https:\/\/scubatraining.com\/wp-content\/uploads\/2015\/11\/pg_screen_xl.jpg\" data-rel=\"lightbox[gallery-1]-image-0\" data-rl_title=\"\" data-rl_caption=\"\" title=\"\"><img loading=\"lazy\" class=\"thumbnail alignleft wp-image-695 size-thumbnail\" src=\"https:\/\/scubatraining.com\/wp-content\/uploads\/2015\/11\/pg_screen_xl-220x146.jpg\" alt=\"pg_screen_xl\" width=\"220\" height=\"146\" srcset=\"https:\/\/scubatraining.com\/wp-content\/uploads\/2015\/11\/pg_screen_xl-220x146.jpg 220w, https:\/\/scubatraining.com\/wp-content\/uploads\/2015\/11\/pg_screen_xl-480x320.jpg 480w\" sizes=\"(max-width: 220px) 100vw, 220px\" \/><\/a>Mierzy zar\u00f3wno wysokie i \u015brednie, ci\u015bnienie w uk\u0142adach automat\u00f3w oddechowych, por\u00f3wnuje warto\u015bci poziom\u00f3w ci\u015bnienia regulator\u00f3w z wymaganymi przez producenta oraz oblicza dynamik\u0119 opor\u00f3w oddychania. Sprawozdania z bada\u0144 z wykres\u00f3w i drukowania s\u0105 wy\u015bwietlane na monitorze i mog\u0105 by\u0107 by\u0107 drukowane dla ka\u017cdego badanego regulatora.<\/p>\n<p>Stanowisko badawcze TS 250 Pressure-guard umo\u017cliwia bezstopniow\u0105 regulacj\u0119 wentylacji i wysok\u0105 dok\u0142adno\u015b\u0107 wynik\u00f3w poprzez zmniejszenie przestrzeni martwej pod\u0142aczonego do badania regulatora.<\/p>\n<p><img loading=\"lazy\" class=\"aligncenter size-full wp-image-696\" src=\"https:\/\/scubatraining.com\/wp-content\/uploads\/2015\/11\/pg_ts250_neu09.jpg\" alt=\"pg_ts250_neu09\" width=\"380\" height=\"386\" \/><\/p>\n<p>Wszyscy doskonale wiemy, \u017ce od sprawno\u015bci automat\u00f3w zale\u017cy nasze \u017cycie pod wod\u0105. Nie zwlekajmy wi\u0119c z przegl\u0105dami do momentu awarii \u2013 bo mo\u017ce by\u0107 za p\u00f3\u017ano. Producenci wszystkich marek zalecaj\u0105 coroczne przegl\u0105dy (lub najcz\u0119\u015bciej co 100 nurkowa\u0144), w tym wymian\u0119 wszystkich o-ring\u00f3w oraz innych niezb\u0119dnych element\u00f3w ruchomych. Cz\u0119\u015bci zalecane do wymiany starzej\u0105 si\u0119 i odkszta\u0142caj\u0105 nawet nie b\u0119d\u0105c u\u017cywane. Tak wi\u0119c fakt nie u\u017cywania automatu czy innego sprz\u0119tu przez rok wcale nie gwarantuje nam jego sprawno\u015bci. Szczeg\u00f3lnie jest to wa\u017cne g\u0142\u0119boko pod wod\u0105, gdzie do powierzchni niekiedy bardzo daleko. Pami\u0119tajmy r\u00f3wnie\u017c o warunkach gwarancji &#8211; gwarancja na automat mo\u017ce by\u0107 do\u017cywotnia (np. APEKS) ale pod warunkiem przegl\u0105d\u00f3w u autoryzowanych serwisant\u00f3w. Jakikolwiek cz\u0119\u015bciowy przegl\u0105d z cz\u0119\u015bciow\u0105 wymian\u0105 niezb\u0119dnych element\u00f3w u nie autoryzowanych serwisant\u00f3w danej marki ko\u0144czy nasz\u0105 gwarancj\u0119 na ten sprz\u0119t.<\/p>\n<div class=\"text-center\"><iframe loading=\"lazy\" src=\"https:\/\/www.youtube.com\/embed\/WvHqHkgkgoM?rel=0\" width=\"560\" height=\"315\" frameborder=\"0\" allowfullscreen=\"allowfullscreen\"><\/iframe><\/div>","protected":false},"excerpt":{"rendered":"<p>Prowadzimy naprawy i serwis regulator\u00f3w oddechowych: Apeks, Aqualung, Sherwood, Posejdon, Scubatech (ta sama fabryka co Diverite) ale podejmujemy si\u0119 przegl\u0105d\u00f3w i napraw sprz\u0119tu innych firm korzystaj\u0105c wy\u0142\u0105cznie z oryginalnych zestaw\u00f3w cz\u0119\u015bci zamiennych. Serwisujemy tak\u017ce starsze, nieprodukowane ju\u017c modele. Aby regulacja automatu oddechowego po wykonanym serwisie by\u0142a przeprowadzona naprawd\u0119 dobrze, nale\u017cy jego parametry pracy sprawdzi\u0107 na&nbsp;<\/p>\n<p><a class=\"btn btn-success btn-lg\" href=\"https:\/\/scubatraining.com\/pl\/serwis\/serwis-automatow-oddechowych\/\">Continue Reading &rarr;<\/a><\/p>\n","protected":false},"author":1,"featured_media":0,"parent":234,"menu_order":5,"comment_status":"open","ping_status":"open","template":"","meta":{"_monsterinsights_skip_tracking":false,"_monsterinsights_sitenote_active":false,"_monsterinsights_sitenote_note":"","_monsterinsights_sitenote_category":0},"_links":{"self":[{"href":"https:\/\/scubatraining.com\/pl\/wp-json\/wp\/v2\/pages\/672"}],"collection":[{"href":"https:\/\/scubatraining.com\/pl\/wp-json\/wp\/v2\/pages"}],"about":[{"href":"https:\/\/scubatraining.com\/pl\/wp-json\/wp\/v2\/types\/page"}],"author":[{"embeddable":true,"href":"https:\/\/scubatraining.com\/pl\/wp-json\/wp\/v2\/users\/1"}],"replies":[{"embeddable":true,"href":"https:\/\/scubatraining.com\/pl\/wp-json\/wp\/v2\/comments?post=672"}],"version-history":[{"count":22,"href":"https:\/\/scubatraining.com\/pl\/wp-json\/wp\/v2\/pages\/672\/revisions"}],"predecessor-version":[{"id":711,"href":"https:\/\/scubatraining.com\/pl\/wp-json\/wp\/v2\/pages\/672\/revisions\/711"}],"up":[{"embeddable":true,"href":"https:\/\/scubatraining.com\/pl\/wp-json\/wp\/v2\/pages\/234"}],"wp:attachment":[{"href":"https:\/\/scubatraining.com\/pl\/wp-json\/wp\/v2\/media?parent=672"}],"curies":[{"name":"wp","href":"https:\/\/api.w.org\/{rel}","templated":true}]}}