{"id":480,"date":"2015-10-19T22:46:37","date_gmt":"2015-10-19T20:46:37","guid":{"rendered":"http:\/\/4dive.eu\/?page_id=480"},"modified":"2016-02-09T15:03:57","modified_gmt":"2016-02-09T14:03:57","slug":"lokalizacja","status":"publish","type":"page","link":"https:\/\/scubatraining.com\/pl\/kamieniolom-portroe\/lokalizacja\/","title":{"rendered":"Lokalizacja"},"content":{"rendered":"Old Slate Quarries,<br \/>\nPortroe,<br \/>\nCo. Tiperrary<br \/>\n<a class=\"widget-lat-lng\">52.861252, -8.357684<\/a><\/p>\n<p>Godziny otwarcia:<br \/>\nSobota &#8211; Niedziela<br \/>\n9.00 &#8211; 17.00<\/p>\n<p>Dla zorganizowanych grup istnieje mo\u017cliwo\u015b\u0107 otwarcia nurkowiska po wcze\u015bniejszym uzgodnieniu<br \/>\nterminu nurkowania.<\/p>\n<div class=\"thumbnail\"><iframe loading=\"lazy\" style=\"border: 0;\" src=\"https:\/\/www.google.com\/maps\/embed?pb=!1m18!1m12!1m3!1d19270.058399525697!2d-8.368445024338403!3d52.86277416682172!2m3!1f0!2f0!3f0!3m2!1i1024!2i768!4f13.1!3m3!1m2!1s0x0%3A0x0!2zNTLCsDUxJzQwLjUiTiA4wrAyMScyNy43Ilc!5e0!3m2!1spl!2spl!4v1445590917028\" width=\"600\" height=\"450\" frameborder=\"0\" allowfullscreen=\"allowfullscreen\"><\/iframe><\/div>","protected":false},"excerpt":{"rendered":"<p>Old Slate Quarries, Portroe, Co. Tiperrary 52.861252, -8.357684 Godziny otwarcia: Sobota &#8211; Niedziela 9.00 &#8211; 17.00 Dla zorganizowanych grup istnieje mo\u017cliwo\u015b\u0107 otwarcia nurkowiska po wcze\u015bniejszym uzgodnieniu terminu nurkowania.<\/p>\n","protected":false},"author":2,"featured_media":0,"parent":476,"menu_order":14,"comment_status":"closed","ping_status":"closed","template":"","meta":{"_monsterinsights_skip_tracking":false,"_monsterinsights_sitenote_active":false,"_monsterinsights_sitenote_note":"","_monsterinsights_sitenote_category":0},"_links":{"self":[{"href":"https:\/\/scubatraining.com\/pl\/wp-json\/wp\/v2\/pages\/480"}],"collection":[{"href":"https:\/\/scubatraining.com\/pl\/wp-json\/wp\/v2\/pages"}],"about":[{"href":"https:\/\/scubatraining.com\/pl\/wp-json\/wp\/v2\/types\/page"}],"author":[{"embeddable":true,"href":"https:\/\/scubatraining.com\/pl\/wp-json\/wp\/v2\/users\/2"}],"replies":[{"embeddable":true,"href":"https:\/\/scubatraining.com\/pl\/wp-json\/wp\/v2\/comments?post=480"}],"version-history":[{"count":16,"href":"https:\/\/scubatraining.com\/pl\/wp-json\/wp\/v2\/pages\/480\/revisions"}],"predecessor-version":[{"id":805,"href":"https:\/\/scubatraining.com\/pl\/wp-json\/wp\/v2\/pages\/480\/revisions\/805"}],"up":[{"embeddable":true,"href":"https:\/\/scubatraining.com\/pl\/wp-json\/wp\/v2\/pages\/476"}],"wp:attachment":[{"href":"https:\/\/scubatraining.com\/pl\/wp-json\/wp\/v2\/media?parent=480"}],"curies":[{"name":"wp","href":"https:\/\/api.w.org\/{rel}","templated":true}]}}