{"id":476,"date":"2015-10-19T22:44:54","date_gmt":"2015-10-19T20:44:54","guid":{"rendered":"http:\/\/4dive.eu\/?page_id=476"},"modified":"2026-02-19T13:04:26","modified_gmt":"2026-02-19T12:04:26","slug":"kamieniolom-portroe-2","status":"publish","type":"page","link":"https:\/\/scubatraining.com\/pl\/kamieniolom-portroe\/","title":{"rendered":"O kamienio\u0142omie"},"content":{"rendered":"<em>\u201cKrystalicznie czysta woda.\u00a0 Wygodne wej\u015bcie z brzegu.\u00a0 Zatopione wraki.\u00a0 Toalety i ciep\u0142a przebieralnia.\u00a0 Bez potrzeby wyp\u0142ywania lodzi\u0105.\u00a0 Nie musimy zabiera\u0107 swojego kompresora.\u00a0 Jedziemy?\u201d<\/em><\/p>\n<p><em>\u201cDeffo, Dok\u0105d zmierzasz?\u201d<\/em><\/p>\n<p><em>\u201cPortroe.\u201d<\/em><\/p>\n<p><em>\u201cDlaczego chcesz jecha\u0107 w\u0142a\u015bnie tam?\u201d<\/em><\/p>\n<p><em>\u201cPoniewa\u017c znajdziesz tam: krystalicznie czyst\u0105 wod\u0119, wygodne wej\u015bcie z brzegu, \u2026\u2026..\u201d<\/em><\/p>\n\n\t\t<style type=\"text\/css\">\n\t\t\t#gallery-2 {\n\t\t\t\tmargin: auto;\n\t\t\t}\n\t\t\t#gallery-2 .gallery-item {\n\t\t\t\tfloat: left;\n\t\t\t\tmargin-top: 10px;\n\t\t\t\ttext-align: center;\n\t\t\t\twidth: 33%;\n\t\t\t}\n\t\t\t#gallery-2 img {\n\t\t\t\tborder: 2px solid #cfcfcf;\n\t\t\t}\n\t\t\t#gallery-2 .gallery-caption {\n\t\t\t\tmargin-left: 0;\n\t\t\t}\n\t\t\t\/* see gallery_shortcode() in wp-includes\/media.php *\/\n\t\t<\/style>\n\t\t<div id='gallery-2' class='gallery galleryid-476 gallery-columns-3 gallery-size-thumbnail'><dl class='gallery-item'>\n\t\t\t<dt class='gallery-icon landscape'>\n\t\t\t\t<a href='https:\/\/scubatraining.com\/wp-content\/uploads\/2015\/10\/12969378_1036182203123758_422663084_n.jpg' title=\"\" data-rl_title=\"\" class=\"rl-gallery-link\" data-rl_caption=\"\" data-rel=\"lightbox[gallery-1]-gallery-2\"><img width=\"220\" height=\"146\" src=\"https:\/\/scubatraining.com\/wp-content\/uploads\/2015\/10\/12969378_1036182203123758_422663084_n-220x146.jpg\" class=\"attachment-thumbnail size-thumbnail\" alt=\"\" loading=\"lazy\" srcset=\"https:\/\/scubatraining.com\/wp-content\/uploads\/2015\/10\/12969378_1036182203123758_422663084_n-220x146.jpg 220w, https:\/\/scubatraining.com\/wp-content\/uploads\/2015\/10\/12969378_1036182203123758_422663084_n-480x320.jpg 480w\" sizes=\"(max-width: 220px) 100vw, 220px\" \/><\/a>\n\t\t\t<\/dt><\/dl><dl class='gallery-item'>\n\t\t\t<dt class='gallery-icon landscape'>\n\t\t\t\t<a href='https:\/\/scubatraining.com\/wp-content\/uploads\/2015\/10\/111.jpg' title=\"\" data-rl_title=\"\" class=\"rl-gallery-link\" data-rl_caption=\"\" data-rel=\"lightbox[gallery-1]-gallery-2\"><img width=\"220\" height=\"146\" src=\"https:\/\/scubatraining.com\/wp-content\/uploads\/2015\/10\/111-220x146.jpg\" class=\"attachment-thumbnail size-thumbnail\" alt=\"\" loading=\"lazy\" srcset=\"https:\/\/scubatraining.com\/wp-content\/uploads\/2015\/10\/111-220x146.jpg 220w, https:\/\/scubatraining.com\/wp-content\/uploads\/2015\/10\/111-480x320.jpg 480w\" sizes=\"(max-width: 220px) 100vw, 220px\" \/><\/a>\n\t\t\t<\/dt><\/dl><dl class='gallery-item'>\n\t\t\t<dt class='gallery-icon landscape'>\n\t\t\t\t<a href='https:\/\/scubatraining.com\/wp-content\/uploads\/2015\/10\/222.jpg' title=\"\" data-rl_title=\"\" class=\"rl-gallery-link\" data-rl_caption=\"\" data-rel=\"lightbox[gallery-1]-gallery-2\"><img width=\"220\" height=\"146\" src=\"https:\/\/scubatraining.com\/wp-content\/uploads\/2015\/10\/222-220x146.jpg\" class=\"attachment-thumbnail size-thumbnail\" alt=\"\" loading=\"lazy\" srcset=\"https:\/\/scubatraining.com\/wp-content\/uploads\/2015\/10\/222-220x146.jpg 220w, https:\/\/scubatraining.com\/wp-content\/uploads\/2015\/10\/222-480x320.jpg 480w\" sizes=\"(max-width: 220px) 100vw, 220px\" \/><\/a>\n\t\t\t<\/dt><\/dl><br style=\"clear: both\" \/>\n\t\t<\/div>\n\n<h2>Opis miejsca<\/h2>\n<p><a href=\"https:\/\/scubatraining.com\/wp-content\/uploads\/2015\/10\/4a_.jpg\" data-rel=\"lightbox[gallery-1]-image-11\" data-rl_title=\"\" data-rl_caption=\"\" title=\"\"><img loading=\"lazy\" class=\"thumbnail alignright wp-image-661 size-thumbnail\" src=\"https:\/\/scubatraining.com\/wp-content\/uploads\/2015\/10\/4a_-220x146.jpg\" alt=\"4a_\" width=\"220\" height=\"146\" srcset=\"https:\/\/scubatraining.com\/wp-content\/uploads\/2015\/10\/4a_-220x146.jpg 220w, https:\/\/scubatraining.com\/wp-content\/uploads\/2015\/10\/4a_-480x320.jpg 480w\" sizes=\"(max-width: 220px) 100vw, 220px\" \/><\/a>Kamienio\u0142om Portroe nie zast\u0105pi oczywi\u015bcie wszystkich \u00a0innych miejsc nurkowych.\u00a0 Ale bezsprzecznie jest najlepszym miejscem nurkowym po\u0142o\u017conym \u00a0w \u015brodkowej Irlandii gdzie \u00a0mo\u017cna zanurkowa\u0107 o ka\u017cdej porze roku niezale\u017cnie od pogody.<br \/>\nJako Centrum Nurkowe kamienio\u0142om rozpocz\u0105\u0142 swoj\u0105 dzia\u0142alno\u015b\u0107 w 2000 roku. Przed oficjalnym otwarciem nurkowie do\u015b\u0107 cz\u0119sto odwiedzali to miejsce bez zgody w\u0142a\u015bcicieli. Teraz ka\u017cdy licencjonowany nurek posiadaj\u0105cy uprawnienia wydane przez uznan\u0105 agencj\u0119 mo\u017ce zanurkowa\u0107 w tym miejscu w wi\u0119kszo\u015b\u0107 weekend\u00f3w w roku oraz w niekt\u00f3re wieczory.<\/p>\n<div>Portroe jest Centrum Nurkowym, wi\u0119c nurkowania tutaj s\u0105 odp\u0142atne, ale ich koszt nie jest wysoki i wynosi 25 \u20ac za dzie\u0144 nurkowy. Centrum jest praktycznie otwarte w ka\u017cd\u0105 sobot\u0119 i niedziel\u0119 w godzinach od 9-17. Bardzo cz\u0119sto przynajmniej raz w miesi\u0105cu w soboty s\u0105 organizowane nocne nurkowania. cena nurkowania nocnego jest standardowa i wynosi 25 Euro. Dla os\u00f3b nurkuj\u0105cych \u00a0w ci\u0105gu dnia dop\u0142ata do nurkowania nocnego wynosi 15 euro. Tylko osoby posiadajace karty czlonkowskie Centrum Nurkowego Portroe beda mogly nurkowac w kamieniolomie ( za okazaniem karty czlonkowskiej oraz kwalifikacji nurkowych w momencie rejestracji ). Koszt karty czlonkowskiej to \u20ac25 rocznie. Karty czlonkowskie wydawane sa kazdego roku i wazne sa do konca roku kalendazowego w ktorym zostaly wydane. Kursanci moga kozystac z kamieniolomu tylko pod opieka instruktora.<span style=\"color: #333333; font-family: sansation,sans-serif;\"><br \/>\n<\/span><\/div>\n<div><span style=\"color: #333333; font-family: sansation,sans-serif;\">Ze wzgl\u0119du na bezpiecze\u0144stwo nurkuj\u0105cych nie ma mo\u017cliwo\u015bci nurkowa\u0144 w kamienio\u0142omie dla os\u00f3b kt\u00f3re nie wype\u0142ni\u0142y tej formy. Wymagamy okazania kart cz\u0142onkowskich \u00a0w trakcie rejestracji przed nurkowaniem. Ka\u017cda osoba musi si\u0119 tak\u017ce \u00a0wpisa\u0107 w rejestr \u00a0nurkowa\u0144 przed wej\u015bciem do wody.<\/span><\/div>\n<p>.<br \/>\nDla wszystkich nurkuj\u0105cych w kamienio\u0142omie jest og\u00f3lnie dost\u0119pna przebieralnia z kaw\u0105 i herbat\u0105. Obok wybudowano dodatkow\u0105 wiat\u0119 chroni\u0105c\u0105 zar\u00f3wno przed s\u0142o\u0144cem jak i deszczem pod kt\u00f3r\u0105 mo\u017cna wygodnie ubra\u0107 sprz\u0119t nurkowy.<br \/>\nNowe biuro jest bardzo dobrze przygotowane do prowadzenia zaj\u0119\u0107 teoretycznych podczas prowadzonych na terenie bazy nurkowej kurs\u00f3w. Wi\u0119cej o oferowanych szkoleniach <a href=\"https:\/\/scubatraining.com\/polski-filozofia-szkolen-technicznych\/\">tutaj<\/a>. Cz\u0119\u015b\u0107 biura to tak\u017ce warsztat w kt\u00f3rym przeprowadzany jest <a href=\"https:\/\/scubatraining.com\/autoryzowany-serwis\/\">serwis<\/a> sprz\u0119tu nurkowego. W biurze mo\u017cna kupi\u0107 podstawowe akcesoria nurkowe, a <span class=\"_5yl5\" data-reactid=\".39.1.$mg=2mid=11447093801527=28600e9578c6201bd38.2.$mid=11447093908098=280cf9d900c81d33717.0.0.0.1.0.0\"><span data-reactid=\".39.1.$mg=2mid=11447093801527=28600e9578c6201bd38.2.$mid=11447093908098=280cf9d900c81d33717.0.0.0.1.0.0.0\">pe\u0142ny oferowany asortyment dost\u0119pny b\u0119dzie wkr\u00f3tce w sklepie internetowym.<\/span><\/span>.<\/p>\n<p>Na terenie bazy dost\u0119pne s\u0105 dwa kompresory (150 l\/min i 300 l\/min) oraz bank powietrza co pozwala na nape\u0142nienie butli w czasie kr\u00f3tszym ni\u017c 5 min!. Zak\u0142adaj\u0105c \u017ce wszystko dzia\u0142a sprawnie mamy \u015bwietne miejsce do nurkowania. Op\u0142ata za nape\u0142nienie butlli 12 l wynosi 6 Euro.<\/p>\n<p>Uwaga!\u00a0 Diving Centre Portroe \u00a0w zakresie swojej dzia\u0142alno\u015bci oferuje tylko i wy\u0142\u0105cznie korzystanie z doskona\u0142ego miejsca do\u00a0 nurkowania jakim jest zalany kamieniolom. Wszystkie inne us\u0142ugi dla nurkujacych\u00a0 (kursy nurkowania, serwis i sprzeda\u017c sprz\u0119tu nurkowego) s\u0105 oferowane przez Szko\u0142\u0119 Nurkowania 4 Dive \u00a0Piotra Dybikowskiego.<\/p>\n<h2>Co pod wod\u0105<\/h2>\n<p><a href=\"https:\/\/scubatraining.com\/wp-content\/uploads\/2015\/10\/GOPR1660.jpg\" data-rel=\"lightbox[gallery-1]-image-4\" data-rl_title=\"\" data-rl_caption=\"\" title=\"\"><img loading=\"lazy\" class=\"thumbnail alignright wp-image-603 size-thumbnail\" src=\"https:\/\/scubatraining.com\/wp-content\/uploads\/2015\/10\/GOPR1660-220x146.jpg\" alt=\"GOPR1660\" width=\"220\" height=\"146\" srcset=\"https:\/\/scubatraining.com\/wp-content\/uploads\/2015\/10\/GOPR1660-220x146.jpg 220w, https:\/\/scubatraining.com\/wp-content\/uploads\/2015\/10\/GOPR1660-480x320.jpg 480w\" sizes=\"(max-width: 220px) 100vw, 220px\" \/><\/a>G\u0142\u0119boko\u015b\u0107 akwenu waha si\u0119 od 7-8m do 40m w zale\u017cno\u015bci od poziomu wody i wynosi \u015brednio 18m. Zatem jest to idealne miejsce do prowadzenia szkole\u0144 rekreacyjnych na wszystkich poziomach zaawansowania. R\u00f3wnie\u017c wielu nurk\u00f3w technicznych wybiera to miejsce jako najlepsze do rozpocz\u0119cia swoich szkole\u0144 technicznych w tym r\u00f3wnie\u017c kurs\u00f3w rebreatherowych.<br \/>\nZbudowana na 5m du\u017ca podwodna platforma pozwala na wygodne prowadzenie \u0107wicze\u0144 pod wod\u0105.<br \/>\nW kamienio\u0142omie jest kilka przyzwoitych miejsc do zwiedzania na r\u00f3\u017cnych g\u0142\u0119boko\u015bciach:<br \/>\nNa lewo od drogi zej\u015bciowej- rampy g\u0142\u0119boko\u015b\u0107 pozostaje ok 12- 13m.\u00a0Mo\u017cna tam znale\u017a\u0107 dwa wraki samochod\u00f3w oraz bar.\u00a0Istniej\u0105 r\u00f3wnie\u017c r\u00f3\u017cne inne atrakcje, sprz\u0119t budowlany, stare ko\u0142a i kajak.<\/p>\n<p>Oryginalna rampa kamienio\u0142omu kt\u00f3ra jest jednocze\u015bnie wej\u015bciem i wyj\u015bciem pozostaje nienaruszona i przep\u0142ywaj\u0105c do jej ko\u0144ca (na g\u0142\u0119boko\u015bci oko\u0142o 12m) i kieruj\u0105c si\u0119 dalej w d\u00f3\u0142 mo\u017cna znale\u017a\u0107 na g\u0142\u0119boko\u015bci ok 16-18m pozosta\u0142o\u015bci starych kamiennych chat. W jednej z nich znajduje si\u0119 kilka zatopionych komputer\u00f3w tworz\u0105c klimat kafejki internetowej. Przep\u0142yni\u0119cie nad nimi i i po \u015bcianie kamienio\u0142omu doprowadzi nas do wraku zatopionego statku na 18m.\u00a0Dno tutaj, sk\u0142ada si\u0119 w ca\u0142o\u015bci z mu\u0142u i osad\u00f3w.\u00a0Ka\u017cdy, p\u0142yn\u0105c t\u0105 drog\u0105 powinien trzyma\u0107 si\u0119 z dala od dna i przep\u0142yn\u0105\u0107 \u017cabk\u0105 je\u015bli to tylko jest mo\u017cliwe.<br \/>\nZ kolei sp\u0142ywaj\u0105c od razu z rampy zej\u015bciowej w prawo opadniesz prosto na g\u0142\u0119boko\u015b\u0107 18m gdzie na dnie znajduje si\u0119 tunel wykonany z opon do \u0107wicze\u0144 dla nurk\u00f3w sidemount. P\u0142yn\u0105c dalej, zwykle w zasi\u0119gu wzroku mo\u017cemy zobaczy\u0107 na dole otwarcie do starego szybu g\u00f3rniczego.\u00a0Shaft i podk\u0142ady ca\u0142ej konstrukcji s\u0105 w stanie nienaruszonym wraz z innymi materia\u0142ami, takimi jak stara \u017celazna drabina.\u00a0G\u0142\u0119boko\u015b\u0107 do g\u00f3rnej cz\u0119\u015bci szybu wynosi ok 27m.\u00a0Mo\u017cliwe jest zanurkowanie kilka metr\u00f3w g\u0142\u0119biej ni\u017c tych stanowiskach, ale pod spodem jest ju\u017c tylko sk\u0142ad b\u0142ota i mu\u0142u.\u00a0Przep\u0142ywaj\u0105c g\u0142\u0119biej jest bardzo \u0142atwo podnie\u015b\u0107 osad i w ten spos\u00f3b utraci\u0107 ca\u0142kowicie widoczno\u015b\u0107, wi\u0119c najlepiej si\u0119 zatrzyma\u0107 nad drewnianymi konstrukcjami.<br \/>\n<a href=\"https:\/\/scubatraining.com\/wp-content\/uploads\/2015\/10\/portroe_clear3-1.jpg\" data-rel=\"lightbox[gallery-1]-image-5\" data-rl_title=\"\" data-rl_caption=\"\" title=\"\"><img loading=\"lazy\" class=\"thumbnail alignleft wp-image-604 size-thumbnail\" src=\"https:\/\/scubatraining.com\/wp-content\/uploads\/2015\/10\/portroe_clear3-1-220x146.jpg\" alt=\"\" width=\"220\" height=\"146\" srcset=\"https:\/\/scubatraining.com\/wp-content\/uploads\/2015\/10\/portroe_clear3-1-220x146.jpg 220w, https:\/\/scubatraining.com\/wp-content\/uploads\/2015\/10\/portroe_clear3-1-480x320.jpg 480w\" sizes=\"(max-width: 220px) 100vw, 220px\" \/><\/a>Wyruszaj\u0105c dalej do centrum kamienio\u0142omu zobaczymy znajduj\u0105ce si\u0119 g\u0142\u0119biej pod wod\u0105 r\u00f3\u017cne rzeczy.\u00a0Jest tutaj stara budowlana wyci\u0105garka \/ d\u017awig wci\u0105\u017c zamontowana w \u015bcianie w centrum tej dziury.\u00a0Wyci\u0105garka jest oznakowana w spos\u00f3b trwa\u0142y przez boj\u0119 i na g\u0142\u0119boko\u015bci ok 27m.\u00a0Nurkuj\u0105c mo\u017cesz przygl\u0105da\u0107 si\u0119 \u015bcianom, na kt\u00f3rych jest w\u0142a\u015bnie zainstalowana winda i kt\u00f3re wydaj\u0105 si\u0119 by\u0107 ja\u015bniejsze ni\u017c w p\u0142ytkich cz\u0119\u015bciach kamienio\u0142omu. Widoczno\u015b\u0107 potrafi by\u0107 tutaj doskona\u0142a!.\u00a0Czasami zdarza si\u0119, \u017ce jest to mo\u017cliwe, aby znale\u017a\u0107 40m g\u0142\u0119boko\u015bci. Na dole wyci\u0105garki znajdziesz ni\u017c g\u0142azy i troch\u0119 ma\u0142ych od\u0142amk\u00f3w.\u00a0Ostrzegamy &#8211; , mo\u017ce tu by\u0107 naprawd\u0119 bardzo zimno i ciemno i wiele os\u00f3b nie pozostaje tu cz\u0119sto zbyt d\u0142ugo z tego powodu.\u00a0Je\u015bli b\u0119dziemy trzyma\u0107 si\u0119 dalej \u015bciany kamienio\u0142omu i pop\u0142yniemy dalej do jej ko\u0144ca w lewo , skr\u0119caj\u0105c o 90 stopni znajdziemy si\u0119 z powrotem przy pozosta\u0142o\u015bciach ma\u0142ej \u0142odzi.\u00a0Alternatywnie mo\u017cna wr\u00f3ci\u0107 do windy a nast\u0119pnie kr\u00f3tki spacer z powrotem do 17-18m i wr\u00f3cimy z powrotem do rampy i wej\u015bciowej. Kamienio\u0142om pozwala na wykonywanie nurkowa\u0144 d\u0142u\u017cszych ni\u017c 60 min lub wi\u0119cej, je\u015bli znasz go ju\u017c na tyle dobrze.\u00a0Je\u015bli chesz go pozna\u0107 to nie jest wskazane, a nawet konieczne, aby przynie\u015b\u0107 ze sob\u0105 kompas poniewaz naturalne elementy nawigacji s\u0142u\u017c\u0105 tutaj bardzo dobrze.<a href=\"https:\/\/scubatraining.com\/wp-content\/uploads\/2015\/10\/GOPR1472.jpg\" data-rel=\"lightbox[gallery-1]-image-14\" data-rl_title=\"\" data-rl_caption=\"\" title=\"\"><img loading=\"lazy\" class=\"thumbnail aligncenter wp-image-602 size-thumbnail\" src=\"https:\/\/scubatraining.com\/wp-content\/uploads\/2015\/10\/GOPR1472-220x146.jpg\" alt=\"GOPR1472\" width=\"220\" height=\"146\" srcset=\"https:\/\/scubatraining.com\/wp-content\/uploads\/2015\/10\/GOPR1472-220x146.jpg 220w, https:\/\/scubatraining.com\/wp-content\/uploads\/2015\/10\/GOPR1472-480x320.jpg 480w\" sizes=\"(max-width: 220px) 100vw, 220px\" \/><\/a><\/p>\n<p>Portroe ma cos do zaoferowania zar\u00f3wno dla nurk\u00f3w u\u017cywaj\u0105cych aqualungu jak i tych kt\u00f3rzy nurkuj\u0105 na bezdechu &#8211; fridaiwer\u00f3w. G\u0142\u0119boko\u015bci od 7 do 40m oraz dobra widoczno\u015b\u0107 bardzo cz\u0119sto ponad 10m pozwalaj\u0105 tu na ciekawe nurkowania przez ca\u0142y rok.<\/p>\n<p><a href=\"https:\/\/scubatraining.com\/wp-content\/uploads\/2015\/10\/GOPR14961.jpg\" data-rel=\"lightbox[gallery-1]-image-7\" data-rl_title=\"\" data-rl_caption=\"\" title=\"\"><img loading=\"lazy\" class=\"thumbnail aligncenter wp-image-662 size-thumbnail\" src=\"https:\/\/scubatraining.com\/wp-content\/uploads\/2015\/10\/GOPR14961-220x146.jpg\" alt=\"GOPR1496\" width=\"220\" height=\"146\" \/><\/a>","protected":false},"excerpt":{"rendered":"<p>\u201cKrystalicznie czysta woda.\u00a0 Wygodne wej\u015bcie z brzegu.\u00a0 Zatopione wraki.\u00a0 Toalety i ciep\u0142a przebieralnia.\u00a0 Bez potrzeby wyp\u0142ywania lodzi\u0105.\u00a0 Nie musimy zabiera\u0107 swojego kompresora.\u00a0 Jedziemy?\u201d \u201cDeffo, Dok\u0105d zmierzasz?\u201d \u201cPortroe.\u201d \u201cDlaczego chcesz jecha\u0107 w\u0142a\u015bnie tam?\u201d \u201cPoniewa\u017c znajdziesz tam: krystalicznie czyst\u0105 wod\u0119, wygodne wej\u015bcie z brzegu, \u2026\u2026..\u201d Opis miejsca Kamienio\u0142om Portroe nie zast\u0105pi oczywi\u015bcie wszystkich \u00a0innych miejsc nurkowych.\u00a0 Ale&nbsp;<\/p>\n<p><a class=\"btn btn-success btn-lg\" href=\"https:\/\/scubatraining.com\/pl\/kamieniolom-portroe\/\">Continue Reading &rarr;<\/a><\/p>\n","protected":false},"author":2,"featured_media":0,"parent":0,"menu_order":12,"comment_status":"closed","ping_status":"closed","template":"","meta":{"_monsterinsights_skip_tracking":false,"_monsterinsights_sitenote_active":false,"_monsterinsights_sitenote_note":"","_monsterinsights_sitenote_category":0},"_links":{"self":[{"href":"https:\/\/scubatraining.com\/pl\/wp-json\/wp\/v2\/pages\/476"}],"collection":[{"href":"https:\/\/scubatraining.com\/pl\/wp-json\/wp\/v2\/pages"}],"about":[{"href":"https:\/\/scubatraining.com\/pl\/wp-json\/wp\/v2\/types\/page"}],"author":[{"embeddable":true,"href":"https:\/\/scubatraining.com\/pl\/wp-json\/wp\/v2\/users\/2"}],"replies":[{"embeddable":true,"href":"https:\/\/scubatraining.com\/pl\/wp-json\/wp\/v2\/comments?post=476"}],"version-history":[{"count":60,"href":"https:\/\/scubatraining.com\/pl\/wp-json\/wp\/v2\/pages\/476\/revisions"}],"predecessor-version":[{"id":1216,"href":"https:\/\/scubatraining.com\/pl\/wp-json\/wp\/v2\/pages\/476\/revisions\/1216"}],"wp:attachment":[{"href":"https:\/\/scubatraining.com\/pl\/wp-json\/wp\/v2\/media?parent=476"}],"curies":[{"name":"wp","href":"https:\/\/api.w.org\/{rel}","templated":true}]}}