{"id":234,"date":"2015-03-16T14:32:10","date_gmt":"2015-03-16T13:32:10","guid":{"rendered":"http:\/\/luqedi.hpark.pl\/wpreview\/?page_id=234"},"modified":"2015-11-12T08:53:41","modified_gmt":"2015-11-12T07:53:41","slug":"serwis","status":"publish","type":"page","link":"https:\/\/scubatraining.com\/pl\/serwis\/","title":{"rendered":"O serwisie"},"content":{"rendered":"<a href=\"https:\/\/scubatraining.com\/wp-content\/uploads\/2015\/03\/Dive_Repairs_Regulator_Servicing.jpg\" data-rel=\"lightbox[gallery-1]-image-0\" data-rl_title=\"\" data-rl_caption=\"\" title=\"\"><img loading=\"lazy\" class=\"thumbnail alignright wp-image-418 size-thumbnail\" src=\"https:\/\/scubatraining.com\/wp-content\/uploads\/2015\/03\/Dive_Repairs_Regulator_Servicing-220x146.jpg\" alt=\"\" width=\"220\" height=\"146\" srcset=\"https:\/\/scubatraining.com\/wp-content\/uploads\/2015\/03\/Dive_Repairs_Regulator_Servicing-220x146.jpg 220w, https:\/\/scubatraining.com\/wp-content\/uploads\/2015\/03\/Dive_Repairs_Regulator_Servicing-480x320.jpg 480w\" sizes=\"(max-width: 220px) 100vw, 220px\" \/><\/a>Niezawodno\u015b\u0107 sprz\u0119tu po wod\u0105 to jeden z kluczowych element\u00f3w bezpiecznego nurkowania. Poniewa\u017c sami aktywnie bardzo du\u017co nurkujemy doskonale rozumiemy jak wa\u017cna jest niezawodno\u015b\u0107 sprz\u0119tu kt\u00f3rego u\u017cywamy, zw\u0142aszcza gdy do powierzchni jest naprawd\u0119 daleko i nie mo\u017cemy si\u0119 natychmiast wynurzy\u0107.<\/p>\n<p><a href=\"https:\/\/scubatraining.com\/wp-content\/uploads\/2015\/03\/Service-Centre-5.jpg\" data-rel=\"lightbox[gallery-1]-image-1\" data-rl_title=\"\" data-rl_caption=\"\" title=\"\"><img loading=\"lazy\" class=\"thumbnail alignleft wp-image-420 size-thumbnail\" src=\"https:\/\/scubatraining.com\/wp-content\/uploads\/2015\/03\/Service-Centre-5-220x146.jpg\" alt=\"\" width=\"220\" height=\"146\" srcset=\"https:\/\/scubatraining.com\/wp-content\/uploads\/2015\/03\/Service-Centre-5-220x146.jpg 220w, https:\/\/scubatraining.com\/wp-content\/uploads\/2015\/03\/Service-Centre-5-480x320.jpg 480w\" sizes=\"(max-width: 220px) 100vw, 220px\" \/><\/a>Serwis powsta\u0142 z my\u015bl\u0105 aby pom\u00f3c zapewni\u0107 profesjonalne naprawy i coroczne przegl\u0105dy u\u017cywanego przez nas sprz\u0119tu do nurkowania.<\/p>\n<p>Prowadzimy obs\u0142ug\u0119 serwisow\u0105 sprz\u0119tu nurkowego w zasadzie wszystkich dost\u0119pnych na rynku firm nurkowych. Z szczeg\u00f3ln\u0105 staranno\u015bci\u0105 prowadzimy naprawy i przegl\u0105dy <a href=\"https:\/\/scubatraining.com\/wp-content\/uploads\/2015\/03\/Service-Centre-3.jpg\" data-rel=\"lightbox[gallery-1]-image-2\" data-rl_title=\"\" data-rl_caption=\"\" title=\"\"><img loading=\"lazy\" class=\"thumbnail alignright wp-image-419 size-thumbnail\" src=\"https:\/\/scubatraining.com\/wp-content\/uploads\/2015\/03\/Service-Centre-3-220x146.jpg\" alt=\"\" width=\"220\" height=\"146\" srcset=\"https:\/\/scubatraining.com\/wp-content\/uploads\/2015\/03\/Service-Centre-3-220x146.jpg 220w, https:\/\/scubatraining.com\/wp-content\/uploads\/2015\/03\/Service-Centre-3-480x320.jpg 480w\" sizes=\"(max-width: 220px) 100vw, 220px\" \/><\/a>(gwarancyjne i pogwarancyjne) automat\u00f3w oddechowych, kamizelek ratunkowo-wyporno\u015bciowych, komputer\u00f3w oraz butli nurkowych i zawor\u00f3w czy drobne naprawy suchych skafandr\u00f3w. Posiadamy mi\u0119dzy innymi autoryzacj\u0119 napraw serwisowych producent\u00f3w: Apeks, Aqualung, Scubatech, Sherwood, Mares, Posejdon, ale podejmujemy si\u0119 przegl\u0105d\u00f3w i napraw sprz\u0119tu r\u00f3wnie\u017c innych firm. Serwisujemy tak\u017ce starsze, nieprodukowane ju\u017c modele.<\/p>\n<p>Aby regulacja automatu oddechowego po wykonanym serwisie by\u0142a przeprowadzona naprawd\u0119 dobrze, nale\u017cy jego parametry pracy sprawdzi\u0107 na specjalnym do tego stworzonym stanowisku symuluj\u0105cym prac\u0119 automatu w rzeczywistych warunkach. Posiadamy jako jedni z nielicznych w Polsce sztuczne p\u0142uco niemieckiej firmy Presure-Guard do takich bada\u0144. Pozwala ono zmierzy\u0107 parametry pracy \/wydajno\u015b\u0107, wydatek, opory oddechowe\/ serwisowanego automatu i zweryfikowa\u0107, czy s\u0105 one zgodne z wymaganiami producenta. Tylko wtedy mo\u017cemy by\u0107 tak naprawd\u0119 pewni \u017ce nasz automat jest w pe\u0142ni sprawny i nas nie zawiedzie. Ka\u017cdy klient otrzymuje certyfikat takiego badania kt\u00f3ry jednocze\u015bnie jest gwarancj\u0105 prawid\u0142owo wykonanego serwisu. Urz\u0105dzenie posiada certyfikat CE.<\/p>\n<p>Nasz serwis specjalizuje si\u0119 r\u00f3wnie\u017c w us\u0142ugach dostosowywania sprz\u0119tu nurkowego do wymog\u00f3w czysto\u015bci tlenowej (butle, zawory, automaty oddechowe.","protected":false},"excerpt":{"rendered":"<p>Niezawodno\u015b\u0107 sprz\u0119tu po wod\u0105 to jeden z kluczowych element\u00f3w bezpiecznego nurkowania. Poniewa\u017c sami aktywnie bardzo du\u017co nurkujemy doskonale rozumiemy jak wa\u017cna jest niezawodno\u015b\u0107 sprz\u0119tu kt\u00f3rego u\u017cywamy, zw\u0142aszcza gdy do powierzchni jest naprawd\u0119 daleko i nie mo\u017cemy si\u0119 natychmiast wynurzy\u0107. Serwis powsta\u0142 z my\u015bl\u0105 aby pom\u00f3c zapewni\u0107 profesjonalne naprawy i coroczne przegl\u0105dy u\u017cywanego przez nas sprz\u0119tu&nbsp;<\/p>\n<p><a class=\"btn btn-success btn-lg\" href=\"https:\/\/scubatraining.com\/pl\/serwis\/\">Continue Reading &rarr;<\/a><\/p>\n","protected":false},"author":1,"featured_media":0,"parent":0,"menu_order":1,"comment_status":"open","ping_status":"open","template":"","meta":{"_monsterinsights_skip_tracking":false,"_monsterinsights_sitenote_active":false,"_monsterinsights_sitenote_note":"","_monsterinsights_sitenote_category":0},"_links":{"self":[{"href":"https:\/\/scubatraining.com\/pl\/wp-json\/wp\/v2\/pages\/234"}],"collection":[{"href":"https:\/\/scubatraining.com\/pl\/wp-json\/wp\/v2\/pages"}],"about":[{"href":"https:\/\/scubatraining.com\/pl\/wp-json\/wp\/v2\/types\/page"}],"author":[{"embeddable":true,"href":"https:\/\/scubatraining.com\/pl\/wp-json\/wp\/v2\/users\/1"}],"replies":[{"embeddable":true,"href":"https:\/\/scubatraining.com\/pl\/wp-json\/wp\/v2\/comments?post=234"}],"version-history":[{"count":19,"href":"https:\/\/scubatraining.com\/pl\/wp-json\/wp\/v2\/pages\/234\/revisions"}],"predecessor-version":[{"id":685,"href":"https:\/\/scubatraining.com\/pl\/wp-json\/wp\/v2\/pages\/234\/revisions\/685"}],"wp:attachment":[{"href":"https:\/\/scubatraining.com\/pl\/wp-json\/wp\/v2\/media?parent=234"}],"curies":[{"name":"wp","href":"https:\/\/api.w.org\/{rel}","templated":true}]}}