{"id":230,"date":"2015-03-16T13:39:23","date_gmt":"2015-03-16T12:39:23","guid":{"rendered":"http:\/\/luqedi.hpark.pl\/wpreview\/?page_id=230"},"modified":"2015-04-17T13:21:59","modified_gmt":"2015-04-17T11:21:59","slug":"profesjonalny-trenig-warsztaty-nurkowe","status":"publish","type":"page","link":"https:\/\/scubatraining.com\/pl\/profesjonalny-trenig-warsztaty-nurkowe\/","title":{"rendered":"Profesjonalny trening &#8211; warsztaty nurkowe"},"content":{"rendered":"Celem warsztat\u00f3w nurkowych jest utrwalenie i udoskonalenie nabytych ju\u017c umiej\u0119tno\u015bci, a tak\u017ce przygotowanie nurka do przysz\u0142ych szkole\u0144, poprzez doskonalenie technik nurkowych, rozwi\u0105zywanie problem\u00f3w i awarii mog\u0105cych pojawi\u0107 si\u0119 podczas kurs\u00f3w.<br \/>\nProfesjonalny trening umo\u017cliwia nurkowi opanowanie ewentualnych niedoci\u0105gni\u0119\u0107, ujednolicenie procedur zwi\u0105zanych z mog\u0105cymi wyst\u0105pi\u0107 sytuacjami awaryjnymi w nurkowaniu technicznym czy podniesienie jako\u015bci i wydajno\u015bci samego nurkowania oraz pracy w zespole.<\/p>\n<p>Zakres i tematyka treningu jest dostosowana do potrzeb i umiej\u0119tno\u015bci uczestnik\u00f3w warsztat\u00f3w. W zale\u017cno\u015bci od potrzeb mog\u0105 to by\u0107 zar\u00f3wno zagadnienia teoretyczne jak i praktyczne:<\/p>\n<ul>\n<li>Doskona\u0142a p\u0142ywalno\u015b\u0107, poprawne wywa\u017cenie, pozycja w wodzie (trym)<\/li>\n<li>Techniki p\u0142ywania (\u017cabka, modyfikowana \u017cabka, helikopter, kraul, modyfikowany kraul)<\/li>\n<li>S-drill \u2013 (Safety drill) \u2013 \u0107wiczenia zwi\u0105zane z umiej\u0119tno\u015bci\u0105 dzielenia si\u0119 gazem w sytuacjach awaryjnych (dawca i biorca)<\/li>\n<li>V-drill ( Valve drill) \u2013 umiej\u0119tno\u015bci zwi\u0105zane z likwidowaniem wycieku gazu (zakr\u0119canie zawor\u00f3w)<\/li>\n<li>\u0106wiczenia zwi\u0105zane z utrat\u0105 maski<\/li>\n<li>\u0106wiczenia zwi\u0105zane z utrat\u0105 \u015bwiat\u0142a<\/li>\n<li>\u0106wiczenia z butlami bocznymi (stageami)<\/li>\n<li>\u0106wiczenia z por\u0119czowania<\/li>\n<li>Puszczanie bojki dekompresyjnej SMB<\/li>\n<\/ul>\n<h3>CZAS TRWANIA i ILO\u015a\u0106 NURKOWA\u0143<\/h3>\n<p>W zale\u017cno\u015bci od potrzeb. Zazwyczaj 1-2 dni i 2-4 nurkowa\u0144.<\/p>\n<h3>WYMAGANIA SPRZ\u0118TOWE:<\/h3>\n<p>Standardowa konfiguracja sprz\u0119towa &#8211; Hogarthian dostosowana do zakresu warsztat\u00f3w.<\/p>\n<ul>\n<li>twin set, p\u0142yta stalowa lub aluminiowa wraz z uprz\u0119\u017c\u0105, skrzyd\u0142o o pojemno\u015bci 50-70 lbs,<\/li>\n<li>automaty do twin setu &#8211; podstawowy na d\u0142ugim w\u0119\u017cu ( 180cm- 210 cm) wraz z w\u0119\u017cykiem do inflacji worka wyporno\u015bciowego., automat zapasowy wraz manometrem i w\u0119\u017cem zasilaj\u0105cym suchy skafander,<\/li>\n<li>\u015bwiat\u0142o g\u0142\u00f3wne: latarka z zasobnikiem montowanym na uprz\u0119\u017cy po\u0142\u0105czonym\u00a0palnikiem na uchwycie goodmana (d\u0142ugo\u015b\u0107 100-120cm),<br \/>\n\u015bwiat\u0142o zapasowe latarki min 1 szt<\/li>\n<li>butle boczne (stage) \u2013 w zale\u017cno\u015bci od potrzeb<\/li>\n<li>urz\u0105dzenie tn\u0105ce min 1 szt,<\/li>\n<li>szpulka z link\u0105 lub ko\u0142owrotek min 1 szt<\/li>\n<li>bojka dekompresyjna,<\/li>\n<li>kompas,<\/li>\n<li>dwa urz\u0105dzenia pomiarowe (czas i g\u0142\u0119boko\u015b\u0107),<\/li>\n<li>p\u0142etwy,<\/li>\n<li>dwie maski na zesp\u00f3\u0142,<\/li>\n<li>2 karabinki double ender<\/li>\n<li>suchy skafander (min jedna kiesze\u0144 zalecane dwie),<\/li>\n<\/ul>\n<h3>CENA WARSZTAT\u00d3W:<\/h3>\n<p>W zale\u017cno\u015bci od liczby uczestnik\u00f3w<\/p>\n<ul>\n<li>150 Euro\/ osoba &#8211; jeden uczestnik<\/li>\n<li>120 Eur\/osoba &#8211; 2ch uczestnik\u00f3w<\/li>\n<li>100 Eur\/osoba &#8211; 3ch uczestnik\u00f3w<\/li>\n<\/ul>\n<p>*cena nie obejmuje wyposa\u017cenia i gaz\u00f3w uczestnika. Op\u0142aty bazowe, dojazdu powy\u017cej 100km od CORK i wyp\u0142yni\u0119\u0107 \u0142odzi\u0105 na nurkowania le\u017c\u0105 po stronie uczestnik\u00f3w warsztat\u00f3w.","protected":false},"excerpt":{"rendered":"<p>Celem warsztat\u00f3w nurkowych jest utrwalenie i udoskonalenie nabytych ju\u017c umiej\u0119tno\u015bci, a tak\u017ce przygotowanie nurka do przysz\u0142ych szkole\u0144, poprzez doskonalenie technik nurkowych, rozwi\u0105zywanie problem\u00f3w i awarii mog\u0105cych pojawi\u0107 si\u0119 podczas kurs\u00f3w. Profesjonalny trening umo\u017cliwia nurkowi opanowanie ewentualnych niedoci\u0105gni\u0119\u0107, ujednolicenie procedur zwi\u0105zanych z mog\u0105cymi wyst\u0105pi\u0107 sytuacjami awaryjnymi w nurkowaniu technicznym czy podniesienie jako\u015bci i wydajno\u015bci samego nurkowania&nbsp;<\/p>\n<p><a class=\"btn btn-success btn-lg\" href=\"https:\/\/scubatraining.com\/pl\/profesjonalny-trenig-warsztaty-nurkowe\/\">Continue Reading &rarr;<\/a><\/p>\n","protected":false},"author":1,"featured_media":0,"parent":0,"menu_order":20,"comment_status":"open","ping_status":"open","template":"","meta":{"_monsterinsights_skip_tracking":false,"_monsterinsights_sitenote_active":false,"_monsterinsights_sitenote_note":"","_monsterinsights_sitenote_category":0},"_links":{"self":[{"href":"https:\/\/scubatraining.com\/pl\/wp-json\/wp\/v2\/pages\/230"}],"collection":[{"href":"https:\/\/scubatraining.com\/pl\/wp-json\/wp\/v2\/pages"}],"about":[{"href":"https:\/\/scubatraining.com\/pl\/wp-json\/wp\/v2\/types\/page"}],"author":[{"embeddable":true,"href":"https:\/\/scubatraining.com\/pl\/wp-json\/wp\/v2\/users\/1"}],"replies":[{"embeddable":true,"href":"https:\/\/scubatraining.com\/pl\/wp-json\/wp\/v2\/comments?post=230"}],"version-history":[{"count":9,"href":"https:\/\/scubatraining.com\/pl\/wp-json\/wp\/v2\/pages\/230\/revisions"}],"predecessor-version":[{"id":423,"href":"https:\/\/scubatraining.com\/pl\/wp-json\/wp\/v2\/pages\/230\/revisions\/423"}],"wp:attachment":[{"href":"https:\/\/scubatraining.com\/pl\/wp-json\/wp\/v2\/media?parent=230"}],"curies":[{"name":"wp","href":"https:\/\/api.w.org\/{rel}","templated":true}]}}