{"id":213,"date":"2015-03-13T14:45:37","date_gmt":"2015-03-13T13:45:37","guid":{"rendered":"http:\/\/luqedi.hpark.pl\/wpreview\/pl\/?page_id=213"},"modified":"2015-11-09T17:12:58","modified_gmt":"2015-11-09T16:12:58","slug":"polski-cennik-serwisu","status":"publish","type":"page","link":"https:\/\/scubatraining.com\/pl\/serwis\/cennik-serwisu\/","title":{"rendered":"Cennik"},"content":{"rendered":"<table class=\"table table-striped\">\n<thead>\n<tr>\n<th colspan=\"2\"><\/th>\n<\/tr>\n<\/thead>\n<tbody>\n<tr>\n<td>Pe\u0142ny serwis regulatora<br \/>\n<small>(1st+2st +cz\u0119\u015bci)<\/small><\/td>\n<td>90\u00a0\u20ac<\/td>\n<\/tr>\n<tr>\n<td>Serwis kamizelki<br \/>\n<small>(nie zawiera cz\u0119\u015bci je\u015bli potrzebne)<\/small><\/td>\n<td>20 \u20ac<\/td>\n<\/tr>\n<tr>\n<td>Test hydrostatyczny butli<br \/>\n<small>(zawiera nepe\u0142nienie butli)<\/small><\/td>\n<td>55 \u20ac<\/td>\n<\/tr>\n<tr>\n<td>Test wizualny butli<br \/>\n<small>(zawiera nape\u0142nienie butli)<\/small><\/td>\n<td>35 \u20ac<\/td>\n<\/tr>\n<tr>\n<td>Serwis zaworu<br \/>\n<small>(zawiera cz\u0119\u015bci)<\/small><\/td>\n<td>15 \u20ac<\/td>\n<\/tr>\n<\/tbody>\n<\/table>","protected":false},"excerpt":{"rendered":"<p>Pe\u0142ny serwis regulatora (1st+2st +cz\u0119\u015bci) 90\u00a0\u20ac Serwis kamizelki (nie zawiera cz\u0119\u015bci je\u015bli potrzebne) 20 \u20ac Test hydrostatyczny butli (zawiera nepe\u0142nienie butli) 55 \u20ac Test wizualny butli (zawiera nape\u0142nienie butli) 35 \u20ac Serwis zaworu (zawiera cz\u0119\u015bci) 15 \u20ac<\/p>\n","protected":false},"author":1,"featured_media":0,"parent":234,"menu_order":2,"comment_status":"open","ping_status":"open","template":"","meta":{"_monsterinsights_skip_tracking":false,"_monsterinsights_sitenote_active":false,"_monsterinsights_sitenote_note":"","_monsterinsights_sitenote_category":0},"_links":{"self":[{"href":"https:\/\/scubatraining.com\/pl\/wp-json\/wp\/v2\/pages\/213"}],"collection":[{"href":"https:\/\/scubatraining.com\/pl\/wp-json\/wp\/v2\/pages"}],"about":[{"href":"https:\/\/scubatraining.com\/pl\/wp-json\/wp\/v2\/types\/page"}],"author":[{"embeddable":true,"href":"https:\/\/scubatraining.com\/pl\/wp-json\/wp\/v2\/users\/1"}],"replies":[{"embeddable":true,"href":"https:\/\/scubatraining.com\/pl\/wp-json\/wp\/v2\/comments?post=213"}],"version-history":[{"count":12,"href":"https:\/\/scubatraining.com\/pl\/wp-json\/wp\/v2\/pages\/213\/revisions"}],"predecessor-version":[{"id":735,"href":"https:\/\/scubatraining.com\/pl\/wp-json\/wp\/v2\/pages\/213\/revisions\/735"}],"up":[{"embeddable":true,"href":"https:\/\/scubatraining.com\/pl\/wp-json\/wp\/v2\/pages\/234"}],"wp:attachment":[{"href":"https:\/\/scubatraining.com\/pl\/wp-json\/wp\/v2\/media?parent=213"}],"curies":[{"name":"wp","href":"https:\/\/api.w.org\/{rel}","templated":true}]}}