{"id":199,"date":"2015-03-13T10:09:05","date_gmt":"2015-03-13T09:09:05","guid":{"rendered":"http:\/\/luqedi.hpark.pl\/wpreview\/pl\/?page_id=199"},"modified":"2016-03-01T19:43:04","modified_gmt":"2016-03-01T18:43:04","slug":"polski-kursy-rebreatherowe","status":"publish","type":"page","link":"https:\/\/scubatraining.com\/pl\/kursy-rebreatherowe\/","title":{"rendered":"Kursy Rebreatherowe"},"content":{"rendered":"Korzystanie z urz\u0105dzenia do nurkowania, jakim jest rebreather, musi by\u0107 poprzedzone w\u0142a\u015bciwym specjalistycznym szkoleniem. Wy\u0142\u0105cznie osoby kt\u00f3re uko\u0144czy\u0142y szkolenie i uzyska\u0142y licencj\u0119 na u\u017cywanie tego urz\u0105dzenia mog\u0105 je naby\u0107 i u\u017cytkowa\u0107. Korzystanie z rebreathera mo\u017ce wi\u0119c stwarza\u0107 szereg problem\u00f3w, kt\u00f3re nieodpowiednio potraktowane mog\u0105 mie\u0107 skutki \u015bmiertelne. Istotne jest wi\u0119c, \u017ceby dobrze zrozumie\u0107 jak funkcjonuje rebreather.<br \/>\nZe wzgl\u0119du na niewielkie zu\u017cycie czynnika oddechowego wielu nurk\u00f3w decyduje si\u0119 na korzystanie z tych urz\u0105dze\u0144 szczeg\u00f3lnie przy nurkowaniach g\u0142\u0119bokich.<\/p>\n<p>Prowadz\u0119 kursy rebreatherowe na wszystkich dostepnych poziomach od pocz\u0105tkujacych do zawansowanych. Nale\u017c\u0105 do nich miedzy innymi \u00a0Buddy inspiration, HamerHeaad (obecnie <a href=\"https:\/\/scubatraining.com\/kursy-rebreatherowe\/xccrpl\/\">X-CCR<\/a>), JJ-CCR, ReVo, Megalodon, Pelagian oraz wiele innych.<\/p>\n<p>Po wiecej informacji na temat dostepnych jednostek kliknij logo<\/p>\n<p><a href=\"https:\/\/scubatraining.com\/kursy-rebreatherowe\/xccrpl\/\" target=\"_blank\" rel=\"attachment wp-att-885\"><img loading=\"lazy\" class=\"alignnone wp-image-885 size-full\" src=\"https:\/\/scubatraining.com\/wp-content\/uploads\/2015\/03\/xccr1.jpg\" alt=\"xccr1\" width=\"220\" height=\"230\" \/><\/a><a href=\"http:\/\/www.apdiving.com\/en\/rebreathers\/\" target=\"_blank\" rel=\"attachment wp-att-884\"><img loading=\"lazy\" class=\"alignnone wp-image-884 size-full\" src=\"https:\/\/scubatraining.com\/wp-content\/uploads\/2015\/03\/inspo1.jpg\" alt=\"inspo1\" width=\"220\" height=\"220\" srcset=\"https:\/\/scubatraining.com\/wp-content\/uploads\/2015\/03\/inspo1.jpg 220w, https:\/\/scubatraining.com\/wp-content\/uploads\/2015\/03\/inspo1-100x100.jpg 100w\" sizes=\"(max-width: 220px) 100vw, 220px\" \/><\/a><br \/>\nCena kursu <a title=\"Cennik szkole\u0144\" href=\"https:\/\/scubatraining.com\/cennik\/\">tutaj<\/a><br \/>\nJe\u015bli nie wiesz nic o rebreatherach przeczytaj wprowadzenie w \u015bwiat nurkowa\u0144 rebreatherowych.<\/p>\n<h2>Jak pracuje Rebreather?<\/h2>\n<p><img loading=\"lazy\" class=\"alignleft size-full wp-image-232\" src=\"https:\/\/scubatraining.com\/wp-content\/uploads\/2015\/03\/schemat.jpg\" alt=\"schemat\" width=\"304\" height=\"678\" srcset=\"https:\/\/scubatraining.com\/wp-content\/uploads\/2015\/03\/schemat.jpg 304w, https:\/\/scubatraining.com\/wp-content\/uploads\/2015\/03\/schemat-157x350.jpg 157w, https:\/\/scubatraining.com\/wp-content\/uploads\/2015\/03\/schemat-215x480.jpg 215w\" sizes=\"(max-width: 304px) 100vw, 304px\" \/>Ze wzgl\u0119du na zasad\u0119 dzia\u0142ania jest kilka rodzaj\u00f3w rebreather\u00f3w &#8211; p\u00f3\u0142zamkni\u0119te (SCR i PSCR) kt\u00f3re nie maj\u0105 obecnie wi\u0119kszego zastosowania w nurkowaniach technicznych i w pe\u0142ni zamkni\u0119te (CCR) na kt\u00f3rych szkol\u0119 i o kt\u00f3rych b\u0119dzie dalej. Rebreather jest aparatem oddechowym o zamkni\u0119tym obiegu czynnika oddechowego (C.C.R.- Closed Circuit Rebreather), w kt\u00f3rym wydychane powietrze ponownie znajduje si\u0119 w obiegu w aparacie, aby nurek zn\u00f3w m\u00f3g\u0142 nim oddycha\u0107. Poch\u0142aniacz dwutlenku w\u0119gla &#8211; CO2 usuwa chemicznie CO2, a kontroler tlenu monitoruje wydychane powietrze i ilekro\u0107 zajdzie potrzeba wtryskuje tlen dla utrzymania parcjalnego ci\u015bnienia tlenu (ppO2) przy zadanych poziomach okre\u015blonych jako nastawy (setpoint).<\/p>\n<p>Tlen jest dostarczany bezpo\u015brednio z butli zawieraj\u0105cej czysty tlen. Gdy nurek si\u0119 zanurza trzeba doda\u0107 gaz dla utrzymania obj\u0119to\u015bci oddechowej. Je\u017celi gaz ma nisk\u0105 zawarto\u015b\u0107 tlenu rozrzedza on tlen i znany jest jako gaz rozrzedzaj\u0105cy (diluent) . Dzi\u0119ki rozrzedzeniu tlenu nurek mo\u017ce si\u0119 zanurzy\u0107 poni\u017cej 6 m, co jest granic\u0105 dla aparat\u00f3w oddechowych o zamkni\u0119tym obiegu czynnika oddechowego z czystym tlenem.<\/p>\n<h2>Jak g\u0142\u0119boko mo\u017cna nurkowa\u0107 na Rebreatherze?<\/h2>\n<p>Granica g\u0142\u0119boko\u015bci w wypadku rebreathera zale\u017cy od dw\u00f3ch czynnik\u00f3w. Po pierwsze od pojemno\u015bci butli z gazem u\u017cywanego jako rozrzedzaj\u0105cego, a po drugie od pojemno\u015bci butli z gazem oddechowym do wynurzania awaryjnego (bailout). Je\u017celi powietrze u\u017cywane jest jako rozrzedzasz, w\u00f3wczas rebreather mo\u017ce by\u0107 stosowany na wszystkich g\u0142\u0119boko\u015bciach, a\u017c do powietrznej granicy nurkowania, zazwyczaj 40 &#8211; 50 m. Przy normalnym sportowym nurkowaniu na takie g\u0142\u0119boko\u015bci gazem rozrzedzaj\u0105cym jest zwyk\u0142e powietrze. U\u017cywa si\u0119 wtedy normalnego spr\u0119\u017conego powietrza odpowiedniej, nurkowej jako\u015bci.<\/p>\n<p>Je\u017celi jako gaz rozrzedzaj\u0105cy u\u017cywany jest Trimix to jak przy nurkowaniu z otwartym obiegiem sk\u0142ad konkretnej mieszanki Trimixowej ogranicza g\u0142\u0119boko\u015b\u0107.<\/p>\n<p>Pojemno\u015b\u0107 butli i rodzaj gazu do wynurzania awaryjnego jest niezwykle wa\u017cna przy okre\u015blaniu g\u0142\u0119boko\u015bci nurkowania. Musi go by\u0107 pod dostatkiem, \u017ceby oddycha\u0107 na g\u0142\u0119boko\u015bci i m\u00f3c si\u0119 z powrotem wynurzy\u0107 \u201ena obiegu otwartym\u201d.<\/p>\n<h3>Zu\u017cycie gazu<\/h3>\n<p>Wykorzystujemy jedynie drobn\u0105 cz\u0119\u015b\u0107 powierza, kt\u00f3re wdychamy &#8211; jakie\u015b 4% na powierzchni, z czego wi\u0119kszo\u015b\u0107 zostaje przekszta\u0142cona w CO2 i wydychana wraz z 96% niewykorzystanego gazu. Przez ponown\u0105 recyrkulacj\u0119 wydychanych gaz\u00f3w, usuniecie CO2 jako produktu odpadowego i uzupe\u0142nienie tlenu mo\u017cemy ograniczy\u0107 zu\u017cycie tlenu z butli do takiej samej ilo\u015bci, jak\u0105 zu\u017cywany przy przemianie materii \u2013 tj. mi\u0119dzy 0,5 a 3 litr\u00f3w na minut\u0119 w zale\u017cno\u015bci od danej osoby i wykonywanej pracy.<\/p>\n<p>Kiedy nurek znajduje si\u0119 na g\u0142\u0119boko\u015bci docelowej gaz rozrzedzaj\u0105cy nie jest ju\u017c u\u017cywany, chyba \u017ce obj\u0119to\u015b\u0107 oddychania jest zmniejszona przez straty gazu, takie jak przedmuchanie maski. Wtedy to wi\u0119ksza ilo\u015b\u0107 gazu rozrzedzaj\u0105cego musi by\u0107 dodana do p\u0142uc oddechowych (counterlungs), aby umo\u017cliwi\u0107 nurkowi oddychanie bez ogranicze\u0144. Niemniej jednak zu\u017cycie gazu rozrzedzaj\u0105cego dla rebreathera jest minimalne zazwyczaj 30 &#8211; 50 bar z 3-litrowej butli.<\/p>\n<h3>Korzy\u015bci z tlenu<\/h3>\n<p>Parcjalne ci\u015bnienie tlenu w rebreatherze monitoruj\u0105 zazwyczaj trzy sensory tlenowe. Podczas gdy nurek zu\u017cywa tlen w procesie metabolizmu, ci\u015bnienie parcjalne spada. W momencie, gdy spada poni\u017cej poziomu ustalonego danym nastawem (tzw. Setpointem), otwiera si\u0119 zaw\u00f3r solenoidowy i nast\u0119puje wtryskiwanie tlenu.<\/p>\n<p>Kontroluj\u0105c ci\u015bnienie tlenu w p\u0119tli mo\u017cemy utrzyma\u0107 wy\u017cszy poziom ppO2 ni\u017c w otwartym obiegu, zmniejszaj\u0105c czas dekompresji, otrzymuj\u0105c wi\u0119cej czasu bez dekompresyjnego lub wi\u0119kszy margines bezpiecze\u0144stwa fizjologicznego wynikaj\u0105cego z mniejszej saturacji tkanek nurka gazem oboj\u0119tnym.<\/p>\n<p>Zamkni\u0119ty obieg czynnika oddechowego pozwa\u0142a u\u017cytkownikowi na planowanie nurkowa\u0144 o wyd\u0142u\u017conym profilu czasu dennego, dzi\u0119ki temu, i\u017c zu\u017cycie zapasu czynnika oddechowego jest prawie niezale\u017cne od g\u0142\u0119boko\u015bci. Natomiast dekompresja, w por\u00f3wnaniu z klasycznym obiegiem otwartym, jest du\u017co kr\u00f3tsza. Przy wykonywaniu nurkowa\u0144 na rebreatherze istnieje szereg konkretnych korzy\u015bci dla organizmu podnosz\u0105cych margines bezpiecze\u0144stwa. B\u0119dzie to oczywi\u015bcie ciep\u0142y, i co najwa\u017cniejsze, wilgotny czynnik oddechowy produkowany przez urz\u0105dzenie, utrzymywany na poziomie zaprogramowanego ci\u015bnienia parcjalnego tlenu. Po prostu wielu eksploracji podwodnego \u015bwiata nie spos\u00f3b zaplanowa\u0107 i wykona\u0107 przy u\u017cyciu zwyk\u0142ej butli i automatu, a C.C.R. daje nam t\u0119 szans\u0119.<\/p>\n<h3>Gaz ucieczkowy &#8211; bailout<\/h3>\n<p>Rebreather jest urz\u0105dzeniem znacznie bardziej skomplikowanym od sprz\u0119tu u\u017cywanego do nurkowa\u0144 na obiegu otwartym. Niekt\u00f3re awarie mog\u0105 wymaga\u0107 od nurka przej\u015bcia na obieg zamkni\u0119ty i zako\u0144czenia nurkowania w\u0142a\u015bnie w ten spos\u00f3b. Taki scenariusz jest obowi\u0105zkowym elementem ka\u017cdego kursu rebreatherowego. Ilo\u015b\u0107 gazu kt\u00f3r\u0105 musimy ze sob\u0105 zabra\u0107 aby zako\u0144czy\u0107 bezpiecznie nurkowanie w przypadku awarii urz\u0105dzenia nazywa si\u0119 bailoutem i jest najcz\u0119\u015bciej g\u0142\u00f3wnym ograniczeniem g\u0142\u0119boko\u015bci na kt\u00f3r\u0105 mo\u017cna nurkowa\u0107 na rebreatherach.<\/p>\n<p><strong>Zalety Rebreather\u00f3w<\/strong><\/p>\n<ul>\n<li>oszcz\u0119dno\u015b\u0107 gazu \u2013 w wi\u0119kszo\u015bci zu\u017cycie mieszanki nie zale\u017cy od g\u0142\u0119boko\u015bci<\/li>\n<li>oddychanie ciep\u0142ym i wilgotnym zamiennikiem powietrza \u2013 poprawienie bilansu cieplnego i zapobieganie odwodnieniu<\/li>\n<li>brak lub niewielka ilo\u015b\u0107 b\u0105bli<\/li>\n<li>cicha praca<\/li>\n<\/ul>\n<p><strong>Wady Rebreather\u00f3w<\/strong><br \/>\nNurkowanie na rebreatherach posiada r\u00f3wnie\u017c pewne mankamenty kt\u00f3re ograniczaj\u0105 liczb\u0119 nurkuj\u0105cych. Nale\u017c\u0105 mi\u0119dzy innymi do nich:<\/p>\n<ul>\n<li>wysoka cena<\/li>\n<li>wymagane specjalne materia\u0142y eksploatacyjne (gazy, wsad poch\u0142aniacza)<\/li>\n<li>skomplikowana obs\u0142uga \u2013 wymagane oddzielne kursy nurkowe<\/li>\n<li>zagro\u017cenie niedotlenieniem (hipoksj\u0105) w wypadku awarii uk\u0142adu dodawczego, co gro\u017aniejsze nie ma \u017cadnych odczuwalnych objaw\u00f3w a\u017c do chwili wyst\u0105pienia zaburze\u0144 \u015bwiadomo\u015bci<\/li>\n<li>zagro\u017cenie hiperoksj\u0105, czyli nadmiarem tlenu w przypadku awarii uk\u0142adu dodawczego; prowadzi do drgawek i \u015bmierci pod wod\u0105<\/li>\n<li>ryzyko zatrucia chemicznego. W razie zalania uk\u0142adu materia\u0142 poch\u0142aniacza tworzy \u017cr\u0105cy roztw\u00f3r.<\/li>\n<\/ul>\n<p>Jednak ze wzgl\u0119du na to \u017ce pewne nurkowania s\u0105 bardzo trudne do wykonania na obiegu otwartym cze\u015b\u0107 os\u00f3b decyduje si\u0119 na przej\u015bcie na obieg zamkni\u0119ty w celu ich realizacji.<\/p>\n<h3>Rodzaje rebreather\u00f3w i wyb\u00f3r jednostki do nurkowania<\/h3>\n<p>W ostatnich latach liczba os\u00f3b nurkuj\u0105cych sportowo na rebreatherach zwi\u0119kszy\u0142a si\u0119 kilkukrotnie. Wynika to z faktu, \u017ce wiedza i dost\u0119pno\u015b\u0107 szkole\u0144 technicznych w nurkowaniach znacznie si\u0119 spopularyzowa\u0142a.<\/p>\n<p>Nie mo\u017cna powiedzie\u0107 w spos\u00f3b jednoznaczny, \u017ce jeden konkretny rebreather jest jedynie s\u0142uszny czy najlepszy. Troch\u0119 podobnie jak w samochodach, chocia\u017c zasady budowy i dzia\u0142ania s\u0105 podobne, ilo\u015b\u0107 opcji jest du\u017ca i wyb\u00f3r jednostki zale\u017ce\u0107 b\u0119dzie zazwyczaj od typu nurkowa\u0144 jakie b\u0119dziemy wykonywa\u0107 i preferencji nurka.<\/p>\n<p>Jest wiele bardzo dobrych i popularnych rebreather\u00f3w u\u017cywanych w nurkowaniach sportowych. Nale\u017c\u0105 do nich Buddy inspiration, JJ-CCR, ReVo, HamerHeaad, Megalodon, Pelagian oraz wiele innych.<br \/>\nKa\u017cdy z nich ma swoje wady i zalety. Bezsprzecznie jednym z najpopularniejszych rebreather\u00f3w na kt\u00f3rym szkol\u0119 jest Buddy Inspiration kt\u00f3ry jako jeden z pierwszych rebreather\u00f3w uzyska\u0142 certyfikat CE i zosta\u0142 dopuszczony do obrotu w Unii Europejskiej.\u00a0Innym rebreatherem pozwalaj\u0105cym na zawansowane i \u00a0niezwykle d\u0142ugie \u00a0nurkowania jest nast\u0119pca HamerHeada &#8211; \u00a0<u><a href=\"https:\/\/scubatraining.com\/kursy-rebreatherowe\/xccrpl\/\">X-CCR<\/a><\/u>.<\/p>\n<p>Je\u015bli jeste\u015b zainteresowany szkoleniem rebreatherowym po prostu do mnie zadzwo\u0144 lub napisz.","protected":false},"excerpt":{"rendered":"<p>Korzystanie z urz\u0105dzenia do nurkowania, jakim jest rebreather, musi by\u0107 poprzedzone w\u0142a\u015bciwym specjalistycznym szkoleniem. Wy\u0142\u0105cznie osoby kt\u00f3re uko\u0144czy\u0142y szkolenie i uzyska\u0142y licencj\u0119 na u\u017cywanie tego urz\u0105dzenia mog\u0105 je naby\u0107 i u\u017cytkowa\u0107. Korzystanie z rebreathera mo\u017ce wi\u0119c stwarza\u0107 szereg problem\u00f3w, kt\u00f3re nieodpowiednio potraktowane mog\u0105 mie\u0107 skutki \u015bmiertelne. Istotne jest wi\u0119c, \u017ceby dobrze zrozumie\u0107 jak funkcjonuje rebreather.&nbsp;<\/p>\n<p><a class=\"btn btn-success btn-lg\" href=\"https:\/\/scubatraining.com\/pl\/kursy-rebreatherowe\/\">Continue Reading &rarr;<\/a><\/p>\n","protected":false},"author":1,"featured_media":0,"parent":0,"menu_order":22,"comment_status":"open","ping_status":"open","template":"","meta":{"_monsterinsights_skip_tracking":false,"_monsterinsights_sitenote_active":false,"_monsterinsights_sitenote_note":"","_monsterinsights_sitenote_category":0},"_links":{"self":[{"href":"https:\/\/scubatraining.com\/pl\/wp-json\/wp\/v2\/pages\/199"}],"collection":[{"href":"https:\/\/scubatraining.com\/pl\/wp-json\/wp\/v2\/pages"}],"about":[{"href":"https:\/\/scubatraining.com\/pl\/wp-json\/wp\/v2\/types\/page"}],"author":[{"embeddable":true,"href":"https:\/\/scubatraining.com\/pl\/wp-json\/wp\/v2\/users\/1"}],"replies":[{"embeddable":true,"href":"https:\/\/scubatraining.com\/pl\/wp-json\/wp\/v2\/comments?post=199"}],"version-history":[{"count":24,"href":"https:\/\/scubatraining.com\/pl\/wp-json\/wp\/v2\/pages\/199\/revisions"}],"predecessor-version":[{"id":893,"href":"https:\/\/scubatraining.com\/pl\/wp-json\/wp\/v2\/pages\/199\/revisions\/893"}],"wp:attachment":[{"href":"https:\/\/scubatraining.com\/pl\/wp-json\/wp\/v2\/media?parent=199"}],"curies":[{"name":"wp","href":"https:\/\/api.w.org\/{rel}","templated":true}]}}