{"id":197,"date":"2015-03-13T10:05:56","date_gmt":"2015-03-13T09:05:56","guid":{"rendered":"http:\/\/luqedi.hpark.pl\/wpreview\/pl\/?page_id=197"},"modified":"2016-10-25T10:52:10","modified_gmt":"2016-10-25T08:52:10","slug":"polski-cennik","status":"publish","type":"page","link":"https:\/\/scubatraining.com\/pl\/cennik\/","title":{"rendered":"Cennik"},"content":{"rendered":"<div class=\"omsc-accordion\">\n<div class=\"omsc-toggle\"><div class=\"omsc-toggle-title\">Kursy Techniczne  OC<\/div><div class=\"omsc-toggle-inner\">\n<table class=\"table table-striped\">\n<thead>\n<tr>\n<th colspan=\"2\">Advance Nitrox (max g\u0142. 42m)<\/th>\n<\/tr>\n<\/thead>\n<tbody>\n<tr>\n<td>1-1 szkolenie<\/td>\n<td>450 \u20ac\/osoba<\/td>\n<\/tr>\n<tr>\n<td>2-1 szkolenie<\/td>\n<td>400 \u20ac\/osoba<\/td>\n<\/tr>\n<tr>\n<td>3-1 szkolenie<\/td>\n<td>350 \u20ac\/osoba<\/td>\n<\/tr>\n<\/tbody>\n<\/table>\n<table class=\"table table-striped\">\n<thead>\n<tr>\n<th colspan=\"2\">Technical Diver (max g\u0142. 54m)<\/th>\n<\/tr>\n<\/thead>\n<tbody>\n<tr>\n<td>1-1 szkolenie<\/td>\n<td>950 \u20ac\/osoba<\/td>\n<\/tr>\n<tr>\n<td>2-1 szkolenie<\/td>\n<td>800 \u20ac\/osoba<\/td>\n<\/tr>\n<tr>\n<td>3-1 szkolenie<\/td>\n<td>700 \u20ac\/osoba<\/td>\n<\/tr>\n<\/tbody>\n<\/table>\n<table class=\"table table-striped\">\n<thead>\n<tr>\n<th colspan=\"2\">Normoxic Trymix (max g\u0142. 60m)<\/th>\n<\/tr>\n<\/thead>\n<tbody>\n<tr>\n<td>1-1 szkolenie<\/td>\n<td>600 \u20ac\/osoba<\/td>\n<\/tr>\n<tr>\n<td>2-1 szkolenie<\/td>\n<td>550 \u20ac\/osoba<\/td>\n<\/tr>\n<tr>\n<td>3-1 szkolenie<\/td>\n<td>500 \u20ac\/osoba<\/td>\n<\/tr>\n<\/tbody>\n<\/table>\n<table class=\"table table-striped\">\n<thead>\n<tr>\n<th colspan=\"2\">Full Trymix (max g\u0142. 100m)<\/th>\n<\/tr>\n<\/thead>\n<tbody>\n<tr>\n<td>1-1 szkolenie<\/td>\n<td>600 \u20ac\/osoba<\/td>\n<\/tr>\n<tr>\n<td>2-1 szkolenie<\/td>\n<td>550 \u20ac\/osoba<\/td>\n<\/tr>\n<tr>\n<td>3-1 szkolenie<\/td>\n<td>500 \u20ac\/osoba<\/td>\n<\/tr>\n<\/tbody>\n<\/table>\n<p><small><em>*Ceny kurs\u00f3w nie obejmuj\u0105 cen gaz\u00f3w (w tym instruktora), op\u0142at bazowych i nurkowa\u0144 z \u0142odzi (w tym instruktora) oraz op\u0142aty certyfikacyjnej ( 50 \u20ac).<\/em><\/small><\/p>\n<\/div><\/div>\n<div class=\"omsc-toggle\"><div class=\"omsc-toggle-title\">Kursy Jaskiniowe<\/div><div class=\"omsc-toggle-inner\">\n<table class=\"table table-striped\">\n<thead>\n<tr>\n<th colspan=\"2\"><\/th>\n<\/tr>\n<\/thead>\n<tbody>\n<tr>\n<td>1-1 szkolenie<\/td>\n<td>1000 \u20ac\/osoba<\/td>\n<\/tr>\n<tr>\n<td>2-1 szkolenie<\/td>\n<td>950 \u20ac\/osoba<\/td>\n<\/tr>\n<tr>\n<td>3-1 szkolenie<\/td>\n<td>900 \u20ac\/osoba<\/td>\n<\/tr>\n<\/tbody>\n<\/table>\n<p><small><em>*Ceny kurs\u00f3w nie obejmuj\u0105 cen gaz\u00f3w (w tym instruktora), op\u0142at bazowych i nurkowa\u0144 z \u0142odzi (w tym instruktora) oraz op\u0142aty certyfikacyjnej ( 50 \u20ac).<\/em><\/small><\/p>\n<\/div><\/div>\n<div class=\"omsc-toggle\"><div class=\"omsc-toggle-title\">Kursy Rebreatherowe<\/div><div class=\"omsc-toggle-inner\">\n<table class=\"table table-striped\">\n<thead>\n<tr>\n<th colspan=\"2\">MOD 1 Air Diluent<\/th>\n<\/tr>\n<\/thead>\n<tbody>\n<tr>\n<td>1-1 szkolenie<\/td>\n<td>1000 \u20ac\/osoba<\/td>\n<\/tr>\n<tr>\n<td>2-1 szkolenie<\/td>\n<td>950 \u20ac\/osoba<\/td>\n<\/tr>\n<\/tbody>\n<\/table>\n<table class=\"table table-striped\">\n<thead>\n<tr>\n<th colspan=\"2\">MOD 2 NTMX<\/th>\n<\/tr>\n<\/thead>\n<tbody>\n<tr>\n<td>1-1 szkolenie<\/td>\n<td>600 \u20ac\/osoba<\/td>\n<\/tr>\n<tr>\n<td>2-1 szkolenie<\/td>\n<td>550 \u20ac\/osoba<\/td>\n<\/tr>\n<\/tbody>\n<\/table>\n<table class=\"table table-striped\">\n<thead>\n<tr>\n<th colspan=\"2\">MOD 3 FUL TMX<\/th>\n<\/tr>\n<\/thead>\n<tbody>\n<tr>\n<td>1-1 szkolenie<\/td>\n<td>600 \u20ac\/osoba<\/td>\n<\/tr>\n<tr>\n<td>2-1 szkolenie<\/td>\n<td>550 \u20ac\/osoba<\/td>\n<\/tr>\n<\/tbody>\n<\/table>\n<p><small><em>*Ceny kurs\u00f3w nie obejmuj\u0105 cen gaz\u00f3w (w tym instruktora), op\u0142at bazowych i nurkowa\u0144 z \u0142odzi (w tym instruktora) oraz op\u0142aty certyfikacyjnej ( 50 \u20ac).<\/em><\/small><\/p>\n<\/div><\/div>\n<\/div>\n<div class=\"omsc-accordion\">\n<div class=\"omsc-toggle\"><div class=\"omsc-toggle-title\">Kursy Rekreacyjne<\/div><div class=\"omsc-toggle-inner\">\n<table class=\"table table-striped\">\n<thead>\n<tr>\n<th colspan=\"2\"><\/th>\n<\/tr>\n<\/thead>\n<tbody>\n<tr>\n<td>Discover Scuba Diver<\/td>\n<td>\u00a085 \u20ac\u00a0(incl. Scuba gear)<\/td>\n<\/tr>\n<tr>\n<td>Scuba Diver<\/td>\n<td>299 \u20ac\u00a0(incl. Scuba gear)<\/td>\n<\/tr>\n<tr>\n<td>Open Water Diver<\/td>\n<td>499 \u20ac\u00a0(incl. Scuba gear)<\/td>\n<\/tr>\n<tr>\n<td>Adventures in Diving<\/td>\n<td>200\u00a0\u20ac<\/td>\n<\/tr>\n<tr>\n<td>Advanced Open Water Diver<\/td>\n<td>349\u00a0\u20ac<\/td>\n<\/tr>\n<tr>\n<td>Emergency First Response<\/td>\n<td>149\u00a0\u20ac<\/td>\n<\/tr>\n<tr>\n<td>Rescue Diver<\/td>\n<td>349\u00a0\u20ac<\/td>\n<\/tr>\n<tr>\n<td>Divemaster<\/td>\n<td>650\u00a0\u20ac<\/td>\n<\/tr>\n<tr>\n<td>Scuba Review<\/td>\n<td>85\u00a0\u20ac<\/td>\n<\/tr>\n<\/tbody>\n<\/table>\n<p><small><em>*Ceny kurs\u00f3w nie obejmuj\u0105 cen gaz\u00f3w (w tym instruktora), op\u0142at bazowych i nurkowa\u0144 z \u0142odzi (w tym instruktora) oraz op\u0142aty certyfikacyjnej ( 50 \u20ac).<\/em><\/small><\/p>\n<\/div><\/div>\n<div class=\"omsc-toggle\"><div class=\"omsc-toggle-title\">Specjalizacje<\/div><div class=\"omsc-toggle-inner\">\n<table class=\"table table-striped\">\n<thead>\n<tr>\n<th colspan=\"2\"><\/th>\n<\/tr>\n<\/thead>\n<tbody>\n<tr>\n<td>Deep Diver<\/td>\n<td>295\u00a0\u20ac<\/td>\n<\/tr>\n<tr>\n<td>Nitrox Diver<\/td>\n<td>235\u00a0\u20ac<\/td>\n<\/tr>\n<tr>\n<td>Night Diver<\/td>\n<td>200\u00a0\u20ac<\/td>\n<\/tr>\n<tr>\n<td>Wreck Diver<\/td>\n<td>295\u00a0\u20ac<\/td>\n<\/tr>\n<tr>\n<td>Peak Performance Buoyancy<\/td>\n<td>150\u00a0\u20ac<\/td>\n<\/tr>\n<tr>\n<td>Dry Suit<\/td>\n<td>150\u00a0\u20ac<\/td>\n<\/tr>\n<tr>\n<td>Digital UW Photography<\/td>\n<td>150\u00a0\u20ac<\/td>\n<\/tr>\n<tr>\n<td>Project Aware<\/td>\n<td>120\u00a0\u20ac<\/td>\n<\/tr>\n<\/tbody>\n<\/table>\n<p><small><em>*Ceny kurs\u00f3w nie obejmuj\u0105 cen gaz\u00f3w (w tym instruktora), op\u0142at bazowych i nurkowa\u0144 z \u0142odzi (w tym instruktora) oraz op\u0142aty certyfikacyjnej ( 50 \u20ac).<\/em><\/small><\/p>\n<\/div><\/div>\n<\/div>","protected":false},"excerpt":{"rendered":"","protected":false},"author":1,"featured_media":0,"parent":0,"menu_order":24,"comment_status":"open","ping_status":"open","template":"","meta":{"_monsterinsights_skip_tracking":false,"_monsterinsights_sitenote_active":false,"_monsterinsights_sitenote_note":"","_monsterinsights_sitenote_category":0},"_links":{"self":[{"href":"https:\/\/scubatraining.com\/pl\/wp-json\/wp\/v2\/pages\/197"}],"collection":[{"href":"https:\/\/scubatraining.com\/pl\/wp-json\/wp\/v2\/pages"}],"about":[{"href":"https:\/\/scubatraining.com\/pl\/wp-json\/wp\/v2\/types\/page"}],"author":[{"embeddable":true,"href":"https:\/\/scubatraining.com\/pl\/wp-json\/wp\/v2\/users\/1"}],"replies":[{"embeddable":true,"href":"https:\/\/scubatraining.com\/pl\/wp-json\/wp\/v2\/comments?post=197"}],"version-history":[{"count":44,"href":"https:\/\/scubatraining.com\/pl\/wp-json\/wp\/v2\/pages\/197\/revisions"}],"predecessor-version":[{"id":939,"href":"https:\/\/scubatraining.com\/pl\/wp-json\/wp\/v2\/pages\/197\/revisions\/939"}],"wp:attachment":[{"href":"https:\/\/scubatraining.com\/pl\/wp-json\/wp\/v2\/media?parent=197"}],"curies":[{"name":"wp","href":"https:\/\/api.w.org\/{rel}","templated":true}]}}