{"id":130,"date":"2015-03-12T13:07:39","date_gmt":"2015-03-12T12:07:39","guid":{"rendered":"http:\/\/luqedi.hpark.pl\/wpreview\/?page_id=130&#038;lang=pl"},"modified":"2015-11-10T14:18:23","modified_gmt":"2015-11-10T13:18:23","slug":"polski-glebokie-nurkowania-wrakowe","status":"publish","type":"page","link":"https:\/\/scubatraining.com\/pl\/kursy-nurkowan-glebokich\/","title":{"rendered":"Kursy nurkowa\u0144 g\u0142\u0119bokich"},"content":{"rendered":"<p style=\"text-align: justify;\"><em>Na g\u0142\u0119boko\u015bci siedemdziesi\u0119ciu metr\u00f3w \u2014 dwustu dziesi\u0119ciu st\u00f3p \u2014 g\u0142\u0119biej ni\u017c wi\u0119kszo\u015b\u0107 nurk\u00f3w rekreacyjnych kiedykolwiek by\u0142a \u2014 dotar\u0142e\u015b do wraku ogromnego statku handlowego. R\u0119kawice ochrania\u0142y twoje d\u0142onie, ale i tak dotyka\u0142e\u015b wszystkiego bardzo delikatnie, aby uchroni\u0107 si\u0119 od zranienia przez ostre kraw\u0119dzie metalu. Wraz z dotykiem, gdzie\u015b g\u0142\u0119boko w twojej psychice, czu\u0142e\u015b eksplozj\u0119, kt\u00f3ra zatopi\u0142a ten statek. S\u0142ysza\u0142e\u015b j\u0105 jak echo sprzed dekad, opisan\u0105 w oficjalnych raportach i na czarno-bia\u0142ych filmach. Przesz\u0142o\u015b\u0107 sta\u0142a si\u0119 tera\u017aniejszo\u015bci\u0105 i \u017cyw\u0105 histori\u0105.<\/em><\/p>\n<p><em><a href=\"https:\/\/scubatraining.com\/wp-content\/uploads\/2015\/03\/makbet1.jpg\" data-rel=\"lightbox[gallery-1]-image-0\" data-rl_title=\"\" data-rl_caption=\"\" title=\"\"><img loading=\"lazy\" class=\"thumbnail alignleft wp-image-150 size-thumbnail\" src=\"https:\/\/scubatraining.com\/wp-content\/uploads\/2015\/03\/makbet1-220x146.jpg\" alt=\"makbet1\" width=\"220\" height=\"146\" srcset=\"https:\/\/scubatraining.com\/wp-content\/uploads\/2015\/03\/makbet1-220x146.jpg 220w, https:\/\/scubatraining.com\/wp-content\/uploads\/2015\/03\/makbet1-600x399.jpg 600w, https:\/\/scubatraining.com\/wp-content\/uploads\/2015\/03\/makbet1-350x233.jpg 350w, https:\/\/scubatraining.com\/wp-content\/uploads\/2015\/03\/makbet1-720x480.jpg 720w, https:\/\/scubatraining.com\/wp-content\/uploads\/2015\/03\/makbet1-480x320.jpg 480w, https:\/\/scubatraining.com\/wp-content\/uploads\/2015\/03\/makbet1.jpg 800w\" sizes=\"(max-width: 220px) 100vw, 220px\" \/><\/a><\/em><\/p>\n<p style=\"text-align: justify;\"><em>\u017badna ksi\u0105\u017cka, zdj\u0119cie czy opowiadanie nie mo\u017ce tego odda\u0107 \u2014 tylko bycie tu i teraz. I dlatego zdecydowa\u0142e\u015b si\u0119 na to wszystko, co przywiod\u0142o ci\u0119 w to miejsce \u2014 lata do\u015bwiadcze\u0144, tygodnie treningu, godziny planowania, pieni\u0105dze i ryzyko \u2014 by\u0142y warte tej chwili.<\/em><\/p>\n<p style=\"text-align: justify;\"><em>Dwadzie\u015bcia pi\u0119\u0107 minut min\u0119\u0142o w mgnieniu oka. Czas wraca\u0107. Patrzysz na partnera, ju\u017c pokazuj\u0105cego ci znak wynurzania. Ruszacie razem. Nad wami &#8211; powierzchnia jest daleko, bardzo daleko. Tw\u00f3j komputer m\u00f3wi, \u017ce nurkowanie b\u0119dzie trwa\u0142o jeszcze d\u0142ugo ponad godzin\u0119, poprzez przystanki dekompresyjne i zmiany gaz\u00f3w.<\/em><\/p>\n<p style=\"text-align: justify;\"><a href=\"https:\/\/scubatraining.com\/wp-content\/uploads\/2015\/03\/makbet2.jpg\" data-rel=\"lightbox[gallery-1]-image-1\" data-rl_title=\"\" data-rl_caption=\"\" title=\"\"><img loading=\"lazy\" class=\"thumbnail alignright wp-image-153 size-thumbnail\" src=\"https:\/\/scubatraining.com\/wp-content\/uploads\/2015\/03\/makbet2-220x146.jpg\" alt=\"makbet2\" width=\"220\" height=\"146\" srcset=\"https:\/\/scubatraining.com\/wp-content\/uploads\/2015\/03\/makbet2-220x146.jpg 220w, https:\/\/scubatraining.com\/wp-content\/uploads\/2015\/03\/makbet2-600x399.jpg 600w, https:\/\/scubatraining.com\/wp-content\/uploads\/2015\/03\/makbet2-350x233.jpg 350w, https:\/\/scubatraining.com\/wp-content\/uploads\/2015\/03\/makbet2-720x480.jpg 720w, https:\/\/scubatraining.com\/wp-content\/uploads\/2015\/03\/makbet2-480x320.jpg 480w, https:\/\/scubatraining.com\/wp-content\/uploads\/2015\/03\/makbet2.jpg 800w\" sizes=\"(max-width: 220px) 100vw, 220px\" \/><\/a>G\u0142\u0119bokie nurkowania wrakowe to jedna z najpopularniejszych form nurkowania technicznego. \u015awiadectwo historii cz\u0119sto bardzo dobrze zachowane kryje si\u0119 w zakamarkach wrak\u00f3w zatopionych na du\u017cych g\u0142\u0119boko\u015bciach. Takie nurkowanie mo\u017ce zaprowadzi\u0107 ci\u0119 do miejsc i do\u015bwiadcze\u0144 niedost\u0119pnych dla nurk\u00f3w rekreacyjnych, ale ma swoj\u0105 cen\u0119. G\u0142\u0119bokie nurkowanie techniczne jest bardziej ryzykowne i jedyn\u0105 drog\u0105 ograniczenia tego ryzyka jest u\u017cywanie odpowiedniego sprz\u0119tu oraz szkolenie, jak go zastosowa\u0107. Wymaga to od ciebie osi\u0105gni\u0119cia umiej\u0119tno\u015bci wst\u0119pnych i do\u015bwiadczenia, godzin praktyki i doskonalenia umiej\u0119tno\u015bci i w ko\u0144cu zastosowania wszystkiego, czego si\u0119 nauczy\u0142e\u015b, bez wyj\u0105tk\u00f3w i kompromis\u00f3w. Nawet wtedy g\u0142\u0119bokie nurkowanie techniczne niesie z sob\u0105 wi\u0119cej ryzyka ni\u017c nurkowanie rekreacyjne \u2014 musisz by\u0107 tego \u015bwiadomy i akceptowa\u0107 to ryzyko.<\/p>\n<p style=\"text-align: justify;\"><a href=\"https:\/\/scubatraining.com\/wp-content\/uploads\/2015\/03\/makbet3.jpg\" data-rel=\"lightbox[gallery-1]-image-2\" data-rl_title=\"\" data-rl_caption=\"\" title=\"\"><img loading=\"lazy\" class=\"thumbnail alignleft wp-image-155 size-thumbnail\" src=\"https:\/\/scubatraining.com\/wp-content\/uploads\/2015\/03\/makbet3-220x146.jpg\" alt=\"makbet3\" width=\"220\" height=\"146\" srcset=\"https:\/\/scubatraining.com\/wp-content\/uploads\/2015\/03\/makbet3-220x146.jpg 220w, https:\/\/scubatraining.com\/wp-content\/uploads\/2015\/03\/makbet3-600x399.jpg 600w, https:\/\/scubatraining.com\/wp-content\/uploads\/2015\/03\/makbet3-350x233.jpg 350w, https:\/\/scubatraining.com\/wp-content\/uploads\/2015\/03\/makbet3-720x480.jpg 720w, https:\/\/scubatraining.com\/wp-content\/uploads\/2015\/03\/makbet3-480x320.jpg 480w, https:\/\/scubatraining.com\/wp-content\/uploads\/2015\/03\/makbet3.jpg 800w\" sizes=\"(max-width: 220px) 100vw, 220px\" \/><\/a>Na g\u0142\u0119boko\u015bciach wi\u0119kszych ni\u017c 55 metr\u00f3w nie u\u017cywamy do oddychania powietrza. Jest ono zbyt g\u0119ste i narkotyczne. Ilo\u015b\u0107 azotu kt\u00f3ry rozpuszcza si\u0119 w naszej krwi wraz z g\u0142\u0119boko\u015bci\u0105 dzia\u0142a narkotycznie na nurka i zaburza jego percepcj\u0119. Aby bezpiecznie nurkowa\u0107 na du\u017ce g\u0142\u0119boko\u015bci do oddychania u\u017cywamy mieszanek z helem (mieszanki trymiksowe) kt\u00f3re zast\u0119puj\u0105 azot z powietrza redukuj\u0105 jego narkotyczne dzia\u0142anie.<\/p>\n<p style=\"text-align: justify;\"><div class=\"clearfix\"><\/div>\nJeste\u015bmy w stanie zaoferowa\u0107 Ci szkolenia kt\u00f3re umo\u017cliwi\u0105 Ci nurkowania na takie i wi\u0119ksze g\u0142\u0119boko\u015bci. Je\u015bli dojrza\u0142e\u015b do tego, \u017ce chcia\u0142by\u015b nurkowa\u0107 na takich wrakach um\u00f3w si\u0119 na odpowiednie dla Ciebie szkolenie lub po prostu zadzwo\u0144 do mnie a ustalimy jakiego szkolenia potrzebujesz.<\/p>\n<p style=\"text-align: justify;\">Niezale\u017cnie od organizacji kursy nurkowa\u0144 g\u0142\u0119bokich mo\u017cna podzieli\u0107 na dwa rodzaje szkole\u0144:<\/p>\n<p style=\"text-align: justify;\"><strong> g\u0142\u0119bokie powietrzne<\/strong> (2 lub 3 poziomy szkolenia w zale\u017cno\u015bci od federacji. Zakres g\u0142\u0119boko\u015bci nurkowa\u0144 50-55m).<\/p>\n<p style=\"text-align: justify;\"><strong>kursy trymiksowe<\/strong> (2 lub 3 poziomy szkolenia \u00a0w zale\u017cno\u015bci od federacji. Maksymalny zakres g\u0142\u0119boko\u015bci na kursie 100m. Po sko\u0144czeniu kursu bez ogranicze\u0144 g\u0142\u0119boko\u015bciowych).<\/p>\n<p style=\"text-align: justify;\">Opr\u00f3cz tego szkolenia techniczne \u00a0mog\u0105 by\u0107 uzupe\u0142nione o r\u00f3zne specjalizacje w zale\u017cno\u015bci od potrzeb nurka \u00a0np: Advanced Wreck Diver.<\/p>\n<p style=\"text-align: justify;\">Schemat szkole\u0144 nurkowa\u0144 g\u0142\u0119bokich &#8211; technicznych \u00a0w IANTD<\/p>\n<div class=\"omsc-accordion\">\n<div class=\"omsc-toggle\"><div class=\"omsc-toggle-title\"><strong>Advanced EANx Diver<\/strong><\/div><div class=\"omsc-toggle-inner\">\n<p>Jest programem kt\u00f3ry \u0142\u0105czy ze sob\u0105 nurkowania rekreacyjne z technicznymi gdzie podczas nurkowa\u0144 rekreacyjnych dopuszcza si\u0119 akcelerowan\u0105 dekompresj\u0119 (do 15 minut).<\/p>\n<p><strong>Cel kursu<\/strong><br \/>\nProgram polega na rozwijaniu umiej\u0119tno\u015bci i wiedzy nurka dotycz\u0105cej u\u017cycia mieszanin typu EANx w nurkowaniu rekreacyjnym. Dodatkowo rozwija sprawno\u015b\u0107 nurka pod wod\u0105 i daje lepsze zrozumienie zasad nurkowania przy u\u017cyciu mieszanin o wy\u017cszej zawarto\u015bci tlenu.<br \/>\nProgram uczy wykorzystania mieszanin o wy\u017cszej zawarto\u015bci tlenu w zakresie od 21% do 100%;<br \/>\nProgram przygotowuje nurka do nurkowa\u0144 na maksymaln\u0105 g\u0142\u0119boko\u015b\u0107 42 metr\u00f3w, w tym dekompresyjnych, z maksymalnym czasem dekompresji przyspieszanej na EAN 50, oxygen wynosz\u0105cym 15 minut.<\/p>\n<p><strong>Wymagania wst\u0119pne<\/strong><\/p>\n<ul>\n<li>Kandydat musi mie\u0107 licencj\u0119 IANTD EANx Diver oraz Deep Diver i posiada\u0107 minimum 25 zalogowanych nurkowa\u0144 lub wystarczaj\u0105ce do\u015bwiadczenie w nurkowaniu, pozwalaj\u0105ce przekona\u0107 instruktora, \u017ce uczestnik kursu ma mo\u017cliwo\u015bci i wiedz\u0119 do kontynuowania szkolenia na tym poziomie.<\/li>\n<li>Uko\u0144czone 18 lat lub 15 lat za pisemn\u0105 zgod\u0105 rodzic\u00f3w b\u0105d\u017a opiekun\u00f3w prawnych<\/li>\n<li>Wa\u017cne badania lekarskie dopuszczaj\u0105ce do nurkowania.<\/li>\n<\/ul>\n<\/div><\/div>\n<div class=\"omsc-toggle\"><div class=\"omsc-toggle-title\"><strong>Technical Diver<\/strong><\/div><div class=\"omsc-toggle-inner\">\n<p><strong>Cel kursu<\/strong><br \/>\nProgram jest przeznaczony dla tych, kt\u00f3rzy zamierzaj\u0105 nurkowa\u0107 w zakresie g\u0142\u0119boko\u015bci 30m do 54m z wykorzystaniem sztucznych mieszanin gazowych typu EANx. Dostarcza lepszego zrozumienia ogranicze\u0144 wykorzystania sztucznych mieszanin oddechowych typy EANx oraz czystego tlenu w<br \/>\nnurkowaniu oraz dekompresji.<\/p>\n<p><strong>Wymagania wst\u0119pne<\/strong><\/p>\n<ul>\n<li>Stopie\u0144 IANTD Advanced EANx Diver<\/li>\n<li>Kandydat musi posiada\u0107 zalogowane minimum 100 nurkowa\u0144, z kt\u00f3rych przynajmniej 30 g\u0142\u0119bszych ni\u017c 27m lub wystarczaj\u0105ce do\u015bwiadczenie w nurkowaniu technicznym \u017ceby przekona\u0107 Instruktora, \u017ce kandydat ma mo\u017cliwo\u015bci i wiedz\u0119 wystarczaj\u0105c\u0105 do kontynuowania szkolenia na tym poziomie.<\/li>\n<li>Uko\u0144czone 18 lat.<\/li>\n<li>Wa\u017cne badania lekarskie dopuszczaj\u0105ce do nurkowania.<\/li>\n<\/ul>\n<\/div><\/div>\n<div class=\"omsc-toggle\"><div class=\"omsc-toggle-title\"><strong>Normoxic Trimix Diver<\/strong><\/div><div class=\"omsc-toggle-inner\">\n<p><strong>Cel kursu<\/strong><br \/>\nProgram jest przeznaczony dla tych, kt\u00f3rzy zamierzaj\u0105 nurkowa\u0107 w zakresie g\u0142\u0119boko\u015bci 39m do 60m ale nie chc\u0105 oddycha\u0107 powietrzem na g\u0142\u0119boko\u015bciach poni\u017cej 39m. Program uczy wykorzystania Trimixu dla ograniczenia narkozy azotowej przy nurkowaniu na te g\u0142\u0119boko\u015bci;<br \/>\nProgram przygotowuje nurk\u00f3w do wykonywania nurkowa\u0144 Trimixowych do g\u0142\u0119boko\u015bci 60m.<br \/>\n<strong>Wymagania wst\u0119pne<\/strong><\/p>\n<ul>\n<li>Kandydat musi by\u0107 licencjonowanym IANTD Advanced EANx Diver.<\/li>\n<li>Zalogowanych co najmniej 100 nurkowa\u0144 z czego 30 g\u0142\u0119bszych ni\u017c 27m lub wystarczaj\u0105ce do\u015bwiadczenie w nurkowaniu technicznym \u017ceby przekona\u0107 Instruktora, \u017ce kandydat ma mo\u017cliwo\u015bci i wiedz\u0119 wystarczaj\u0105c\u0105 do kontynuowania szkolenia na tym poziomie.<\/li>\n<li>Uko\u0144czone 18 lat;<\/li>\n<li>Wa\u017cne badania lekarskie dopuszczaj\u0105ce do nurkowania.<\/li>\n<\/ul>\n<\/div><\/div>\n<div class=\"omsc-toggle\"><div class=\"omsc-toggle-title\"><strong>Trimix Diver<\/strong><\/div><div class=\"omsc-toggle-inner\">\n<p>Nurkowania \u00a0z trimiksem, wieloma butlami, z\u0142o\u017con\u0105 dekompresj\u0105.<br \/>\nMo\u017ce by\u0107 \u0142\u0105czony z innymi kursami IANTD.<\/p>\n<p><strong>Cel kursu<\/strong><br \/>\nProgram jest przeznaczony dla tych, kt\u00f3rzy s\u0105 ju\u017c wprowadzeni w nurkowanie g\u0142\u0119bokie i nie mo\u017ce by\u0107 wykorzystywany jako wabik dla nurk\u00f3w, kt\u00f3rzy nie widz\u0105 potrzeby wykraczania poza przyj\u0119te zakresy g\u0142\u0119boko\u015bci program\u00f3w Sportowych czy Nitroxowych.<br \/>\nTrimix daje mo\u017cliwo\u015bci bezpieczniejszej eksploracji g\u0142\u0119bin dla nurk\u00f3w, kt\u00f3rzy nurkuj\u0105 g\u0142\u0119boko i chc\u0105 to robi\u0107 z zachowaniem jasno\u015bci umys\u0142u. Program Trimix Diver IANTD wymaga od nurk\u00f3w samowystarczalno\u015bci i wiary we w\u0142asne si\u0142y.<br \/>\nProgram przygotowuje nurk\u00f3w do wykonywania nurkowa\u0144 Trimixowych do g\u0142\u0119boko\u015bci 100m.<br \/>\n<strong>Wymagania wst\u0119pne<\/strong><\/p>\n<ul>\n<li>Kandydat musi by\u0107 licencjonowanym IANTD Technical Diver, Technical Cave Diver, Technical Wreck Diver, Normoxic Trimix Diver lub podobnym.<\/li>\n<li>Zalogowanych co najmniej 200 nurkowa\u0144 z czego 25 w zakresie g\u0142\u0119boko\u015bci 39m do 60m lub wystarczaj\u0105ce do\u015bwiadczenie w nurkowaniu technicznym \u017ceby przekona\u0107 Instruktora, \u017ce kandydat ma mo\u017cliwo\u015bci i wiedz\u0119 wystarczaj\u0105c\u0105 do kontynuowania szkolenia na tym poziomie.<\/li>\n<li>Uko\u0144czone 18 lat.<\/li>\n<li>Wa\u017cne badania lekarskie dopuszczaj\u0105ce do nurkowania.<\/li>\n<\/ul>\n<\/div><\/div>\n<\/div>\nWi\u0119cej o standardach dowiesz si\u0119 <a title=\"Szkolenia\" href=\"https:\/\/scubatraining.com\/wp-content\/uploads\/2015\/03\/Standardy_IANTD_PL_PUB.pdf\">tutaj<\/a>","protected":false},"excerpt":{"rendered":"<p>Na g\u0142\u0119boko\u015bci siedemdziesi\u0119ciu metr\u00f3w \u2014 dwustu dziesi\u0119ciu st\u00f3p \u2014 g\u0142\u0119biej ni\u017c wi\u0119kszo\u015b\u0107 nurk\u00f3w rekreacyjnych kiedykolwiek by\u0142a \u2014 dotar\u0142e\u015b do wraku ogromnego statku handlowego. R\u0119kawice ochrania\u0142y twoje d\u0142onie, ale i tak dotyka\u0142e\u015b wszystkiego bardzo delikatnie, aby uchroni\u0107 si\u0119 od zranienia przez ostre kraw\u0119dzie metalu. Wraz z dotykiem, gdzie\u015b g\u0142\u0119boko w twojej psychice, czu\u0142e\u015b eksplozj\u0119, kt\u00f3ra zatopi\u0142a&nbsp;<\/p>\n<p><a class=\"btn btn-success btn-lg\" href=\"https:\/\/scubatraining.com\/pl\/kursy-nurkowan-glebokich\/\">Continue Reading &rarr;<\/a><\/p>\n","protected":false},"author":1,"featured_media":0,"parent":0,"menu_order":28,"comment_status":"closed","ping_status":"closed","template":"","meta":{"_monsterinsights_skip_tracking":false,"_monsterinsights_sitenote_active":false,"_monsterinsights_sitenote_note":"","_monsterinsights_sitenote_category":0},"_links":{"self":[{"href":"https:\/\/scubatraining.com\/pl\/wp-json\/wp\/v2\/pages\/130"}],"collection":[{"href":"https:\/\/scubatraining.com\/pl\/wp-json\/wp\/v2\/pages"}],"about":[{"href":"https:\/\/scubatraining.com\/pl\/wp-json\/wp\/v2\/types\/page"}],"author":[{"embeddable":true,"href":"https:\/\/scubatraining.com\/pl\/wp-json\/wp\/v2\/users\/1"}],"replies":[{"embeddable":true,"href":"https:\/\/scubatraining.com\/pl\/wp-json\/wp\/v2\/comments?post=130"}],"version-history":[{"count":31,"href":"https:\/\/scubatraining.com\/pl\/wp-json\/wp\/v2\/pages\/130\/revisions"}],"predecessor-version":[{"id":752,"href":"https:\/\/scubatraining.com\/pl\/wp-json\/wp\/v2\/pages\/130\/revisions\/752"}],"wp:attachment":[{"href":"https:\/\/scubatraining.com\/pl\/wp-json\/wp\/v2\/media?parent=130"}],"curies":[{"name":"wp","href":"https:\/\/api.w.org\/{rel}","templated":true}]}}