{"id":13,"date":"2015-03-10T22:57:25","date_gmt":"2015-03-10T22:57:25","guid":{"rendered":"http:\/\/localhost\/wp\/4dive\/?page_id=13"},"modified":"2016-01-04T11:45:26","modified_gmt":"2016-01-04T10:45:26","slug":"kontakt","status":"publish","type":"page","link":"https:\/\/scubatraining.com\/pl\/kontakt\/","title":{"rendered":"Kontakt"},"content":{"rendered":"<div class=\"omsc-one-half\">\n<p style=\"text-align: left;\">86 Beech Tree av Shanakiel Cork Ireland<br \/>\ntel. <a href=\"tel:+353868600027\">(+353) 86 86 000 27<\/a>, <a href=\"tel:+48500138000\">(+48) 500 138 000<\/a>,<\/p>\n<p style=\"text-align: left;\">e-mail: \u00a0piotr.dybikowski@gmail.com<\/p>\n<p>viber IE (+353) 086 86 000 27<br \/>\nviber PL (+48) 500 138 000<\/p>\n<div class=\"clear\"><\/div><\/div><div class=\"omsc-one-half omsc-last\">\n<p>KONTO &#8211; PKO BP<br \/>\nPLN &#8211; 50 1020 1752 0000 0202 0021 4692<br \/>\nEUR &#8211; 07 1020 1752 0000 0102 0104 5350<br \/>\nUSD &#8211; 56 1020 1752 0000 0802 0147 5581<\/p>\n<div class=\"clear\"><\/div><\/div><div class=\"omsc-clear\"><\/div>\n<h3>Formularz kontaktowy<\/h3>\n<div role=\"form\" class=\"wpcf7\" id=\"wpcf7-f183-o1\" lang=\"pl-PL\" dir=\"ltr\">\n<div class=\"screen-reader-response\"><p role=\"status\" aria-live=\"polite\" aria-atomic=\"true\"><\/p> <ul><\/ul><\/div>\n<form action=\"\/pl\/wp-json\/wp\/v2\/pages\/13#wpcf7-f183-o1\" method=\"post\" class=\"wpcf7-form init\" novalidate=\"novalidate\" data-status=\"init\">\n<div style=\"display: none;\">\n<input type=\"hidden\" name=\"_wpcf7\" value=\"183\" \/>\n<input type=\"hidden\" name=\"_wpcf7_version\" value=\"5.6\" \/>\n<input type=\"hidden\" name=\"_wpcf7_locale\" value=\"pl_PL\" \/>\n<input type=\"hidden\" name=\"_wpcf7_unit_tag\" value=\"wpcf7-f183-o1\" \/>\n<input type=\"hidden\" name=\"_wpcf7_container_post\" value=\"0\" \/>\n<input type=\"hidden\" name=\"_wpcf7_posted_data_hash\" value=\"\" \/>\n<input type=\"hidden\" name=\"_wpcf7_recaptcha_response\" value=\"\" \/>\n<\/div>\n<div class=\"form-group omsc-one-half\">\n<span class=\"wpcf7-form-control-wrap\" data-name=\"your-name\"><input type=\"text\" name=\"your-name\" value=\"\" size=\"40\" class=\"wpcf7-form-control wpcf7-text wpcf7-validates-as-required\" aria-required=\"true\" aria-invalid=\"false\" placeholder=\"Imi\u0119 i nazwisko (wymagane)\" \/><\/span> <\/div>\n<div class=\"form-group omsc-one-half omsc-last\">\n<span class=\"wpcf7-form-control-wrap\" data-name=\"your-email\"><input type=\"email\" name=\"your-email\" value=\"\" size=\"40\" class=\"wpcf7-form-control wpcf7-text wpcf7-email wpcf7-validates-as-required wpcf7-validates-as-email\" aria-required=\"true\" aria-invalid=\"false\" placeholder=\"Adres email (wymagane)\" \/><\/span><\/div>\n<p><span id=\"wpcf7-69e67ff61002d-wrapper\" class=\"wpcf7-form-control-wrap your-info-wrap\" style=\"display:none !important; visibility:hidden !important;\"><label for=\"wpcf7-69e67ff61002d-field\" class=\"hp-message\">Please leave this field empty.<\/label><input id=\"wpcf7-69e67ff61002d-field\"  class=\"wpcf7-form-control wpcf7-text\" type=\"text\" name=\"your-info\" value=\"\" size=\"40\" tabindex=\"-1\" autocomplete=\"new-password\" \/><\/span><\/p>\n<div class=\"form-group clear\">\n<span class=\"wpcf7-form-control-wrap\" data-name=\"your-message\"><textarea name=\"your-message\" cols=\"40\" rows=\"10\" class=\"wpcf7-form-control wpcf7-textarea\" aria-invalid=\"false\" placeholder=\"Tre\u015b\u0107 wiadomo\u015bci\"><\/textarea><\/span> <\/div>\n<span class=\"wpcf7-form-control-wrap recaptcha\"><span data-sitekey=\"6LeZj2QUAAAAAJTskW_B57o2twk8lAJiFDXCOMmP\" class=\"wpcf7-form-control g-recaptcha wpcf7-recaptcha\"><\/span>\r\n<noscript>\r\n\t<div class=\"grecaptcha-noscript\">\r\n\t\t<iframe src=\"https:\/\/www.google.com\/recaptcha\/api\/fallback?k=6LeZj2QUAAAAAJTskW_B57o2twk8lAJiFDXCOMmP\" frameborder=\"0\" scrolling=\"no\" width=\"310\" height=\"430\">\r\n\t\t<\/iframe>\r\n\t\t<textarea name=\"g-recaptcha-response\" rows=\"3\" cols=\"40\" placeholder=\"reCaptcha Response Here\">\r\n\t\t<\/textarea>\r\n\t<\/div>\r\n<\/noscript>\r\n<\/span>\n<div class=\"form-group\"><input type=\"submit\" value=\"Wy\u015blij\" class=\"wpcf7-form-control has-spinner wpcf7-submit\" \/><\/div>\n<div class=\"wpcf7-response-output\" aria-hidden=\"true\"><\/div><\/form><\/div>","protected":false},"excerpt":{"rendered":"<p>Formularz kontaktowy<\/p>\n","protected":false},"author":1,"featured_media":0,"parent":0,"menu_order":30,"comment_status":"open","ping_status":"open","template":"","meta":{"_monsterinsights_skip_tracking":false,"_monsterinsights_sitenote_active":false,"_monsterinsights_sitenote_note":"","_monsterinsights_sitenote_category":0},"_links":{"self":[{"href":"https:\/\/scubatraining.com\/pl\/wp-json\/wp\/v2\/pages\/13"}],"collection":[{"href":"https:\/\/scubatraining.com\/pl\/wp-json\/wp\/v2\/pages"}],"about":[{"href":"https:\/\/scubatraining.com\/pl\/wp-json\/wp\/v2\/types\/page"}],"author":[{"embeddable":true,"href":"https:\/\/scubatraining.com\/pl\/wp-json\/wp\/v2\/users\/1"}],"replies":[{"embeddable":true,"href":"https:\/\/scubatraining.com\/pl\/wp-json\/wp\/v2\/comments?post=13"}],"version-history":[{"count":19,"href":"https:\/\/scubatraining.com\/pl\/wp-json\/wp\/v2\/pages\/13\/revisions"}],"predecessor-version":[{"id":801,"href":"https:\/\/scubatraining.com\/pl\/wp-json\/wp\/v2\/pages\/13\/revisions\/801"}],"wp:attachment":[{"href":"https:\/\/scubatraining.com\/pl\/wp-json\/wp\/v2\/media?parent=13"}],"curies":[{"name":"wp","href":"https:\/\/api.w.org\/{rel}","templated":true}]}}